{"id":409,"date":"2024-06-04T16:44:48","date_gmt":"2024-06-04T16:44:48","guid":{"rendered":"https:\/\/novoplasticsurgeons.com\/doctor-page\/"},"modified":"2025-10-20T16:56:18","modified_gmt":"2025-10-20T16:56:18","slug":"doctor-page","status":"publish","type":"page","link":"https:\/\/novoplasticsurgeons.com\/es\/doctor-page\/","title":{"rendered":"Doctor Page"},"content":{"rendered":"<div class=\"wpb-content-wrapper\"><div class=\"tt-shortcode_vc_row 8 row\"  class=\"tt-shortcode_vc_row 777  row\" ><div class=\"tt-shortcode_vc_clmn col-md \" class=\"col-md wpb_column vc_column_container vc_col-sm-6\" class=\"tt-shortcode_vc_column-outer col-md\"><div class=\"doctor-info mb-4\">\n<div class=\"doctor-info-name\">\n<h3 class=\"doctor-info-name__title\">Dr. Rodrigo Otero<\/h3>\n<h6 style=\"margin-bottom: 12px;\">Cirujano pl\u00e1stico<\/h6>\n<p><img loading=\"lazy\" decoding=\"async\" width=\"60\" height=\"60\" class=\"wp-image-831 doctor-photo\" style=\"width: 60px;\" src=\"https:\/\/novoplasticsurgeons.com\/wp-content\/uploads\/2024\/07\/istockphoto-1202135231-612x612-1-150x150.jpg\" alt=\"\" srcset=\"https:\/\/novoplasticsurgeons.com\/wp-content\/uploads\/2024\/07\/istockphoto-1202135231-612x612-1-150x150.jpg 150w, https:\/\/novoplasticsurgeons.com\/wp-content\/uploads\/2024\/07\/istockphoto-1202135231-612x612-1-300x300.jpg 300w, https:\/\/novoplasticsurgeons.com\/wp-content\/uploads\/2024\/07\/istockphoto-1202135231-612x612-1-100x100.jpg 100w, https:\/\/novoplasticsurgeons.com\/wp-content\/uploads\/2024\/07\/istockphoto-1202135231-612x612-1-600x600.jpg 600w, https:\/\/novoplasticsurgeons.com\/wp-content\/uploads\/2024\/07\/istockphoto-1202135231-612x612-1.jpg 612w\" sizes=\"auto, (max-width: 60px) 100vw, 60px\" \/><\/p>\n<\/div>\n<\/div>\n<div  class=\"tt-reset-tag-p vc_custom_1738363777008  doctor-page-photo text-center tt_pt_3\"><img decoding=\"async\" class=\"vc_single_image-img img-fluid \" src=\"https:\/\/novoplasticsurgeons.com\/wp-content\/uploads\/2025\/01\/doc1-scaled-800x800.jpg\" width=\"800\" height=\"800\" alt=\"doc1\" title=\"doc1\" loading=\"lazy\" \/><\/div><div class=\"doctor-info mb-4\">\n<div class=\"doctor-info-name\">\n<p>El Dr. Rodrigo Otero es egresado de la Universidad de Monterrey como m\u00e9dico cirujano. Realiz\u00f3 su formaci\u00f3n en cirug\u00eda general en el Hospital Christus Muguerza de Alta Especialidad, en la ciudad de Monterrey, Nuevo Le\u00f3n. Posteriormente, curs\u00f3 la subespecialidad en cirug\u00eda pl\u00e1stica, est\u00e9tica y reconstructiva en el Instituto Jalisciense de Cirug\u00eda Reconstructiva \u201cDr. Jos\u00e9 Guerrerosantos\u201d, en Guadalajara, Jalisco, M\u00e9xico; una de las instituciones m\u00e1s prestigiosas y reconocidas a nivel mundial. Actualmente, es miembro activo de la Asociaci\u00f3n Mexicana de Cirug\u00eda Pl\u00e1stica, Est\u00e9tica y Reconstructiva (AMCPER), la Sociedad Internacional de Cirug\u00eda Pl\u00e1stica Est\u00e9tica (ISAPS) y est\u00e1 certificado por el Consejo Mexicano de Cirug\u00eda Pl\u00e1stica, Est\u00e9tica y Reconstructiva (CMCPER).<\/p>\n<\/div>\n<\/div>\n<h2 style=\"text-align: left;font-family:Abril Fatface;font-weight:400;font-style:normal\" class=\"vc_custom_heading vc_custom_1726438554470\" ><a href=\"https:\/\/www.facebook.com\/dr.rodrigo.otero\"><\/a><\/h2><p style=\"text-align: center;\"><span style=\"vertical-align: inherit; margin-bottom: 5rem;\"><span style=\"vertical-align: inherit;\"><a title=\"\"  href=\"http:\/\/www.facebook.com\/dr.rodrigo.otero\" class=\"hovicon\"><svg class=\"icon icon-facebook-logo\" version=\"1.1\" xmlns=\"http:\/\/www.w3.org\/2000\/svg\" width=\"33\" height=\"32\" viewBox=\"0 0 33 32\"><path d=\"M24.249 0.506l-4.020-0.006c-4.516 0-7.435 2.994-7.435 7.629v3.518h-4.042c-0.349 0-0.632 0.283-0.632 0.632v5.097c0 0.349 0.283 0.632 0.632 0.632h4.042v12.86c0 0.349 0.283 0.632 0.632 0.632h5.274c0.349 0 0.632-0.283 0.632-0.632v-12.86h4.726c0.349 0 0.632-0.283 0.632-0.632l0.002-5.097c0-0.168-0.067-0.328-0.185-0.447s-0.28-0.185-0.447-0.185h-4.728v-2.982c0-1.433 0.342-2.161 2.209-2.161l2.708-0.001c0.349 0 0.632-0.283 0.632-0.632v-4.732c0-0.349-0.282-0.631-0.631-0.632z\"><\/path><\/svg><\/a><a title=\"\"  href=\"http:\/\/www.instagram.com\/dr.rodrigo.otero?igsh=MW9nMWFhNndhdjBsdA==\" ><svg class=\"icon icon-instagram\" version=\"1.1\" xmlns=\"http:\/\/www.w3.org\/2000\/svg\" width=\"32\" height=\"32\" viewBox=\"0 0 32 32\"><path d=\"M5.038 1.251h21.926c2.083 0 3.786 1.704 3.786 3.787v21.926c0 2.082-1.703 3.785-3.786 3.785h-21.926c-2.083 0-3.788-1.703-3.788-3.785v-21.926c0-2.083 1.705-3.787 3.788-3.787zM22.74 4.527c-0.731 0-1.328 0.599-1.328 1.33v3.177c0 0.731 0.597 1.329 1.328 1.329h3.334c0.73 0 1.328-0.598 1.328-1.329v-3.177c0-0.731-0.598-1.33-1.328-1.33h-3.334zM27.415 13.725h-2.596c0.246 0.804 0.38 1.652 0.38 2.533 0 4.905-4.107 8.883-9.171 8.883-5.063 0-9.17-3.978-9.17-8.883 0-0.881 0.135-1.729 0.38-2.533h-2.708v12.462c0 0.645 0.527 1.17 1.172 1.17h20.542c0.645 0 1.171-0.525 1.171-1.17v-12.462zM16.028 10.196c-3.271 0-5.924 2.569-5.924 5.742 0 3.169 2.653 5.74 5.924 5.74 3.272 0 5.925-2.571 5.925-5.74 0-3.172-2.653-5.742-5.925-5.742z\"><\/path><\/svg><\/a><\/span><\/span><\/p>\n<\/div><div class=\"tt-shortcode_vc_clmn col-md \" class=\"col-md wpb_column vc_column_container vc_col-sm-6\" class=\"tt-shortcode_vc_column-outer col-md\"><div class=\"doctor-info mb-4\">\n<div class=\"doctor-info-name\">\n<h3 class=\"doctor-info-name__title\">Dr. Luis F. Monta\u00f1o<\/h3>\n<h6 style=\"margin-bottom: 12px;\">Cirujano pl\u00e1stico<\/h6>\n<p><img loading=\"lazy\" decoding=\"async\" width=\"60\" height=\"60\" class=\"wp-image-833 doctor-photo\" style=\"width: 60px;\" src=\"https:\/\/novoplasticsurgeons.com\/wp-content\/uploads\/2024\/07\/images-150x150.jpeg\" alt=\"\" srcset=\"https:\/\/novoplasticsurgeons.com\/wp-content\/uploads\/2024\/07\/images-150x150.jpeg 150w, https:\/\/novoplasticsurgeons.com\/wp-content\/uploads\/2024\/07\/images-100x100.jpeg 100w, https:\/\/novoplasticsurgeons.com\/wp-content\/uploads\/2024\/07\/images.jpeg 225w\" sizes=\"auto, (max-width: 60px) 100vw, 60px\" \/><\/p>\n<\/div>\n<\/div>\n<div  class=\"tt-reset-tag-p vc_custom_1738363789032  doctor-page-photo text-center tt_pt_3\"><img decoding=\"async\" class=\"vc_single_image-img img-fluid \" src=\"https:\/\/novoplasticsurgeons.com\/wp-content\/uploads\/2025\/01\/doc2-scaled-e1737736349763-1-800x800.jpg\" width=\"800\" height=\"800\" alt=\"doc2-scaled-e1737736349763\" title=\"doc2-scaled-e1737736349763\" loading=\"lazy\" \/><\/div><div class=\"doctor-info mb-4\">\n<div class=\"doctor-info-name\">\n<div class=\"doctor-info mb-4\">\n<div class=\"doctor-info-name\">El Dr. Luis Francisco Monta\u00f1o un cirujano pl\u00e1stico, est\u00e9tico y reconstructivo graduado de la escuela de cirug\u00eda pl\u00e1stica del Instituto Jalisciense de Cirug\u00eda Reconstructiva &#8220;Dr. Jos\u00e9 Guerrerosantos\u00a8, obteniendo su t\u00edtulo de la prestigiosa Universidad de Guadalajara en Jalisco, M\u00e9xico. Est\u00e1 certificado por el Consejo Mexicano de Cirug\u00eda Pl\u00e1stica, Est\u00e9tica y Reconstructiva (CMCPER). Realiz\u00f3 su formaci\u00f3n en cirug\u00eda general en el Hospital \u00a8Dr. Luis E. Aybar de Santo Domingo&#8221;, Rep\u00fablica Dominicana, Instituci\u00f3n adscrita a la Universidad Aut\u00f3noma de Santo Domingo. Se gradu\u00f3 con honores de la facultad de medicina de la Universidad Central del Este en Rep\u00fablica\u00a0Dominicana.<\/div>\n<div><\/div>\n<\/div>\n<\/div>\n<\/div>\n<h2 style=\"text-align: left;font-family:Abril Fatface;font-weight:400;font-style:normal\" class=\"vc_custom_heading vc_custom_1720031955773\" ><\/h2><p style=\"text-align: center;\"><span style=\"vertical-align: inherit; margin-bottom: 5rem;\"><span style=\"vertical-align: inherit;\"><a title=\"\"  href=\"http:\/\/www.facebook.com\/profile.php?id=61559903484060\" class=\"hovicon\"><svg class=\"icon icon-facebook-logo\" version=\"1.1\" xmlns=\"http:\/\/www.w3.org\/2000\/svg\" width=\"33\" height=\"32\" viewBox=\"0 0 33 32\"><path d=\"M24.249 0.506l-4.020-0.006c-4.516 0-7.435 2.994-7.435 7.629v3.518h-4.042c-0.349 0-0.632 0.283-0.632 0.632v5.097c0 0.349 0.283 0.632 0.632 0.632h4.042v12.86c0 0.349 0.283 0.632 0.632 0.632h5.274c0.349 0 0.632-0.283 0.632-0.632v-12.86h4.726c0.349 0 0.632-0.283 0.632-0.632l0.002-5.097c0-0.168-0.067-0.328-0.185-0.447s-0.28-0.185-0.447-0.185h-4.728v-2.982c0-1.433 0.342-2.161 2.209-2.161l2.708-0.001c0.349 0 0.632-0.283 0.632-0.632v-4.732c0-0.349-0.282-0.631-0.631-0.632z\"><\/path><\/svg><\/a><a title=\"\"  href=\"http:\/\/www.instagram.com\/dr.luisfmontano?igsh=cDZoeW5rcHduMnU=\" ><svg class=\"icon icon-instagram\" version=\"1.1\" xmlns=\"http:\/\/www.w3.org\/2000\/svg\" width=\"32\" height=\"32\" viewBox=\"0 0 32 32\"><path d=\"M5.038 1.251h21.926c2.083 0 3.786 1.704 3.786 3.787v21.926c0 2.082-1.703 3.785-3.786 3.785h-21.926c-2.083 0-3.788-1.703-3.788-3.785v-21.926c0-2.083 1.705-3.787 3.788-3.787zM22.74 4.527c-0.731 0-1.328 0.599-1.328 1.33v3.177c0 0.731 0.597 1.329 1.328 1.329h3.334c0.73 0 1.328-0.598 1.328-1.329v-3.177c0-0.731-0.598-1.33-1.328-1.33h-3.334zM27.415 13.725h-2.596c0.246 0.804 0.38 1.652 0.38 2.533 0 4.905-4.107 8.883-9.171 8.883-5.063 0-9.17-3.978-9.17-8.883 0-0.881 0.135-1.729 0.38-2.533h-2.708v12.462c0 0.645 0.527 1.17 1.172 1.17h20.542c0.645 0 1.171-0.525 1.171-1.17v-12.462zM16.028 10.196c-3.271 0-5.924 2.569-5.924 5.742 0 3.169 2.653 5.74 5.924 5.74 3.272 0 5.925-2.571 5.925-5.74 0-3.172-2.653-5.742-5.925-5.742z\"><\/path><\/svg><\/a><\/span><\/span><\/p>\n<\/div><\/div><div class=\"tt-shortcode_vc_row 8 vc_row wpb_row vc_row-fluid\" class=\"tt-shortcode_vc_row vc_row wpb_row vc_row-fluid\"><div class=\"wpb_column vc_column_container vc_col-sm-12 vc_col-has-fill\"><div class=\"tt-shortcode_vc_clmn vc_column-inner vc_custom_1740085152977\"><div class=\"wpb_wrapper\"><div class=\"wpb_gallery wpb_content_element vc_clearfix vc_custom_1740081143146 wpb_content_element\" ><div class=\"wpb_wrapper\"><div class=\"wpb_gallery_slides wpb_image_grid\" data-interval=\"3\"><ul class=\"wpb_image_grid_ul\"><li class=\"isotope-item\"><img loading=\"lazy\" decoding=\"async\" width=\"150\" height=\"150\" src=\"https:\/\/novoplasticsurgeons.com\/wp-content\/uploads\/2025\/01\/IMG_9998-1-150x150.png\" class=\"attachment-thumbnail\" alt=\"\" title=\"IMG_9998 (1)\" srcset=\"https:\/\/novoplasticsurgeons.com\/wp-content\/uploads\/2025\/01\/IMG_9998-1-150x150.png 150w, https:\/\/novoplasticsurgeons.com\/wp-content\/uploads\/2025\/01\/IMG_9998-1-300x300.png 300w, https:\/\/novoplasticsurgeons.com\/wp-content\/uploads\/2025\/01\/IMG_9998-1-768x768.png 768w, https:\/\/novoplasticsurgeons.com\/wp-content\/uploads\/2025\/01\/IMG_9998-1-12x12.png 12w, https:\/\/novoplasticsurgeons.com\/wp-content\/uploads\/2025\/01\/IMG_9998-1-100x100.png 100w, https:\/\/novoplasticsurgeons.com\/wp-content\/uploads\/2025\/01\/IMG_9998-1-600x600.png 600w, https:\/\/novoplasticsurgeons.com\/wp-content\/uploads\/2025\/01\/IMG_9998-1.png 945w\" sizes=\"auto, (max-width: 150px) 100vw, 150px\" \/><\/li><li class=\"isotope-item\"><img loading=\"lazy\" decoding=\"async\" width=\"150\" height=\"150\" src=\"https:\/\/novoplasticsurgeons.com\/wp-content\/uploads\/2025\/01\/IMG_9999-1-150x150.png\" class=\"attachment-thumbnail\" alt=\"\" title=\"IMG_9999\" srcset=\"https:\/\/novoplasticsurgeons.com\/wp-content\/uploads\/2025\/01\/IMG_9999-1-150x150.png 150w, https:\/\/novoplasticsurgeons.com\/wp-content\/uploads\/2025\/01\/IMG_9999-1-300x300.png 300w, https:\/\/novoplasticsurgeons.com\/wp-content\/uploads\/2025\/01\/IMG_9999-1-768x768.png 768w, https:\/\/novoplasticsurgeons.com\/wp-content\/uploads\/2025\/01\/IMG_9999-1-12x12.png 12w, https:\/\/novoplasticsurgeons.com\/wp-content\/uploads\/2025\/01\/IMG_9999-1-100x100.png 100w, https:\/\/novoplasticsurgeons.com\/wp-content\/uploads\/2025\/01\/IMG_9999-1-600x600.png 600w, https:\/\/novoplasticsurgeons.com\/wp-content\/uploads\/2025\/01\/IMG_9999-1.png 945w\" sizes=\"auto, (max-width: 150px) 100vw, 150px\" \/><\/li><li class=\"isotope-item\"><img loading=\"lazy\" decoding=\"async\" width=\"150\" height=\"150\" src=\"https:\/\/novoplasticsurgeons.com\/wp-content\/uploads\/2025\/01\/IMG_0001-150x150.png\" class=\"attachment-thumbnail\" alt=\"\" title=\"IMG_0001\" srcset=\"https:\/\/novoplasticsurgeons.com\/wp-content\/uploads\/2025\/01\/IMG_0001-150x150.png 150w, https:\/\/novoplasticsurgeons.com\/wp-content\/uploads\/2025\/01\/IMG_0001-300x300.png 300w, https:\/\/novoplasticsurgeons.com\/wp-content\/uploads\/2025\/01\/IMG_0001-768x768.png 768w, https:\/\/novoplasticsurgeons.com\/wp-content\/uploads\/2025\/01\/IMG_0001-12x12.png 12w, https:\/\/novoplasticsurgeons.com\/wp-content\/uploads\/2025\/01\/IMG_0001-100x100.png 100w, https:\/\/novoplasticsurgeons.com\/wp-content\/uploads\/2025\/01\/IMG_0001-600x600.png 600w, https:\/\/novoplasticsurgeons.com\/wp-content\/uploads\/2025\/01\/IMG_0001.png 945w\" sizes=\"auto, (max-width: 150px) 100vw, 150px\" \/><\/li><li class=\"isotope-item\"><img loading=\"lazy\" decoding=\"async\" width=\"150\" height=\"150\" src=\"https:\/\/novoplasticsurgeons.com\/wp-content\/uploads\/2025\/01\/IMG_0003-150x150.png\" class=\"attachment-thumbnail\" alt=\"\" title=\"IMG_0003\" srcset=\"https:\/\/novoplasticsurgeons.com\/wp-content\/uploads\/2025\/01\/IMG_0003-150x150.png 150w, https:\/\/novoplasticsurgeons.com\/wp-content\/uploads\/2025\/01\/IMG_0003-300x300.png 300w, https:\/\/novoplasticsurgeons.com\/wp-content\/uploads\/2025\/01\/IMG_0003-768x768.png 768w, https:\/\/novoplasticsurgeons.com\/wp-content\/uploads\/2025\/01\/IMG_0003-12x12.png 12w, https:\/\/novoplasticsurgeons.com\/wp-content\/uploads\/2025\/01\/IMG_0003-100x100.png 100w, https:\/\/novoplasticsurgeons.com\/wp-content\/uploads\/2025\/01\/IMG_0003-600x600.png 600w, https:\/\/novoplasticsurgeons.com\/wp-content\/uploads\/2025\/01\/IMG_0003.png 945w\" sizes=\"auto, (max-width: 150px) 100vw, 150px\" \/><\/li><li class=\"isotope-item\"><img loading=\"lazy\" decoding=\"async\" width=\"150\" height=\"150\" src=\"https:\/\/novoplasticsurgeons.com\/wp-content\/uploads\/2025\/01\/IMG_0002-150x150.png\" class=\"attachment-thumbnail\" alt=\"\" title=\"IMG_0002\" srcset=\"https:\/\/novoplasticsurgeons.com\/wp-content\/uploads\/2025\/01\/IMG_0002-150x150.png 150w, https:\/\/novoplasticsurgeons.com\/wp-content\/uploads\/2025\/01\/IMG_0002-300x300.png 300w, https:\/\/novoplasticsurgeons.com\/wp-content\/uploads\/2025\/01\/IMG_0002-768x768.png 768w, https:\/\/novoplasticsurgeons.com\/wp-content\/uploads\/2025\/01\/IMG_0002-12x12.png 12w, https:\/\/novoplasticsurgeons.com\/wp-content\/uploads\/2025\/01\/IMG_0002-100x100.png 100w, https:\/\/novoplasticsurgeons.com\/wp-content\/uploads\/2025\/01\/IMG_0002-600x600.png 600w, https:\/\/novoplasticsurgeons.com\/wp-content\/uploads\/2025\/01\/IMG_0002.png 945w\" sizes=\"auto, (max-width: 150px) 100vw, 150px\" \/><\/li><\/ul><\/div><\/div><\/div><\/div><\/div><\/div><\/div>\n<\/div>","protected":false},"excerpt":{"rendered":"Dr. Rodrigo Otero Cirujano pl\u00e1stico El Dr. Rodrigo Otero es egresado de la Universidad de Monterrey como m\u00e9dico cirujano. Realiz\u00f3 su formaci\u00f3n en cirug\u00eda general en el Hospital Christus Muguerza de Alta Especialidad, en la ciudad de Monterrey, Nuevo Le\u00f3n. Posteriormente, curs\u00f3 la subespecialidad en cirug\u00eda pl\u00e1stica, est\u00e9tica y reconstructiva en el Instituto Jalisciense de <div class=\"btn-more-wrapper\"><a href=\"https:\/\/novoplasticsurgeons.com\/es\/doctor-page\/\" class=\"btn btn-sm btn-hover-fill\"><svg class=\"icon icon-right-arrow\" version=\"1.1\" xmlns=\"http:\/\/www.w3.org\/2000\/svg\" width=\"32\" height=\"32\" viewBox=\"0 0 32 32\"><path d=\"M21.548 5.088c-0.436-0.451-1.162-0.451-1.613 0-0.436 0.436-0.436 1.162 0 1.596l8.177 8.177h-26.984c-0.629 0.001-1.129 0.501-1.129 1.13s0.5 1.145 1.129 1.145h26.984l-8.177 8.162c-0.436 0.451-0.436 1.178 0 1.613 0.451 0.451 1.178 0.451 1.613 0l10.113-10.113c0.451-0.436 0.451-1.162 0-1.596l-10.113-10.114z\"><\/path><\/svg>Read More<span class=\"screen-reader-text\"> \"Doctor Page\"<\/span><svg class=\"icon icon-right-arrow\" version=\"1.1\" xmlns=\"http:\/\/www.w3.org\/2000\/svg\" width=\"32\" height=\"32\" viewBox=\"0 0 32 32\"><path d=\"M21.548 5.088c-0.436-0.451-1.162-0.451-1.613 0-0.436 0.436-0.436 1.162 0 1.596l8.177 8.177h-26.984c-0.629 0.001-1.129 0.501-1.129 1.13s0.5 1.145 1.129 1.145h26.984l-8.177 8.162c-0.436 0.451-0.436 1.178 0 1.613 0.451 0.451 1.178 0.451 1.613 0l10.113-10.113c0.451-0.436 0.451-1.162 0-1.596l-10.113-10.114z\"><\/path><\/svg><\/a><\/div>","protected":false},"author":1,"featured_media":0,"parent":0,"menu_order":7,"comment_status":"closed","ping_status":"closed","template":"custompagett.php","meta":{"_coblocks_attr":"","_coblocks_dimensions":"","_coblocks_responsive_height":"","_coblocks_accordion_ie_support":"","_monsterinsights_skip_tracking":false,"_monsterinsights_sitenote_active":false,"_monsterinsights_sitenote_note":"","_monsterinsights_sitenote_category":0,"footnotes":""},"class_list":["post-409","page","type-page","status-publish","hentry"],"yoast_head":"<!-- This site is optimized with the Yoast SEO plugin v27.4 - https:\/\/yoast.com\/product\/yoast-seo-wordpress\/ -->\n<title>Doctor Page - Novo Plastic<\/title>\n<meta name=\"robots\" content=\"index, follow, max-snippet:-1, max-image-preview:large, max-video-preview:-1\" \/>\n<link rel=\"canonical\" href=\"https:\/\/novoplasticsurgeons.com\/es\/doctor-page\/\" \/>\n<meta property=\"og:locale\" content=\"es_MX\" \/>\n<meta property=\"og:type\" content=\"article\" \/>\n<meta property=\"og:title\" content=\"Doctor Page - Novo Plastic\" \/>\n<meta property=\"og:url\" content=\"https:\/\/novoplasticsurgeons.com\/es\/doctor-page\/\" \/>\n<meta property=\"og:site_name\" content=\"Novo Plastic\" \/>\n<meta property=\"article:modified_time\" content=\"2025-10-20T16:56:18+00:00\" \/>\n<meta property=\"og:image\" content=\"https:\/\/novoplasticsurgeons.com\/wp-content\/uploads\/2024\/07\/istockphoto-1202135231-612x612-1-150x150.jpg\" \/>\n<meta name=\"twitter:card\" content=\"summary_large_image\" \/>\n<meta name=\"twitter:label1\" content=\"Tiempo de lectura\" \/>\n\t<meta name=\"twitter:data1\" content=\"2 minutos\" \/>\n<script type=\"application\/ld+json\" class=\"yoast-schema-graph\">{\"@context\":\"https:\\\/\\\/schema.org\",\"@graph\":[{\"@type\":\"WebPage\",\"@id\":\"https:\\\/\\\/novoplasticsurgeons.com\\\/es\\\/doctor-page\\\/\",\"url\":\"https:\\\/\\\/novoplasticsurgeons.com\\\/es\\\/doctor-page\\\/\",\"name\":\"Doctor Page - Novo Plastic\",\"isPartOf\":{\"@id\":\"https:\\\/\\\/novoplasticsurgeons.com\\\/es\\\/#website\"},\"primaryImageOfPage\":{\"@id\":\"https:\\\/\\\/novoplasticsurgeons.com\\\/es\\\/doctor-page\\\/#primaryimage\"},\"image\":{\"@id\":\"https:\\\/\\\/novoplasticsurgeons.com\\\/es\\\/doctor-page\\\/#primaryimage\"},\"thumbnailUrl\":\"https:\\\/\\\/novoplasticsurgeons.com\\\/wp-content\\\/uploads\\\/2024\\\/07\\\/istockphoto-1202135231-612x612-1-150x150.jpg\",\"datePublished\":\"2024-06-04T16:44:48+00:00\",\"dateModified\":\"2025-10-20T16:56:18+00:00\",\"breadcrumb\":{\"@id\":\"https:\\\/\\\/novoplasticsurgeons.com\\\/es\\\/doctor-page\\\/#breadcrumb\"},\"inLanguage\":\"es\",\"potentialAction\":[{\"@type\":\"ReadAction\",\"target\":[\"https:\\\/\\\/novoplasticsurgeons.com\\\/es\\\/doctor-page\\\/\"]}]},{\"@type\":\"ImageObject\",\"inLanguage\":\"es\",\"@id\":\"https:\\\/\\\/novoplasticsurgeons.com\\\/es\\\/doctor-page\\\/#primaryimage\",\"url\":\"https:\\\/\\\/novoplasticsurgeons.com\\\/wp-content\\\/uploads\\\/2024\\\/07\\\/istockphoto-1202135231-612x612-1-150x150.jpg\",\"contentUrl\":\"https:\\\/\\\/novoplasticsurgeons.com\\\/wp-content\\\/uploads\\\/2024\\\/07\\\/istockphoto-1202135231-612x612-1-150x150.jpg\"},{\"@type\":\"BreadcrumbList\",\"@id\":\"https:\\\/\\\/novoplasticsurgeons.com\\\/es\\\/doctor-page\\\/#breadcrumb\",\"itemListElement\":[{\"@type\":\"ListItem\",\"position\":1,\"name\":\"Home\",\"item\":\"https:\\\/\\\/novoplasticsurgeons.com\\\/es\\\/\"},{\"@type\":\"ListItem\",\"position\":2,\"name\":\"Doctor Page\"}]},{\"@type\":\"WebSite\",\"@id\":\"https:\\\/\\\/novoplasticsurgeons.com\\\/es\\\/#website\",\"url\":\"https:\\\/\\\/novoplasticsurgeons.com\\\/es\\\/\",\"name\":\"Novo Plastic\",\"description\":\"\",\"publisher\":{\"@id\":\"https:\\\/\\\/novoplasticsurgeons.com\\\/es\\\/#organization\"},\"potentialAction\":[{\"@type\":\"SearchAction\",\"target\":{\"@type\":\"EntryPoint\",\"urlTemplate\":\"https:\\\/\\\/novoplasticsurgeons.com\\\/es\\\/?s={search_term_string}\"},\"query-input\":{\"@type\":\"PropertyValueSpecification\",\"valueRequired\":true,\"valueName\":\"search_term_string\"}}],\"inLanguage\":\"es\"},{\"@type\":\"Organization\",\"@id\":\"https:\\\/\\\/novoplasticsurgeons.com\\\/es\\\/#organization\",\"name\":\"Novo Plastic\",\"url\":\"https:\\\/\\\/novoplasticsurgeons.com\\\/es\\\/\",\"logo\":{\"@type\":\"ImageObject\",\"inLanguage\":\"es\",\"@id\":\"https:\\\/\\\/novoplasticsurgeons.com\\\/es\\\/#\\\/schema\\\/logo\\\/image\\\/\",\"url\":\"https:\\\/\\\/novoplasticsurgeons.com\\\/wp-content\\\/uploads\\\/2024\\\/06\\\/cropped-IMG_9286.png\",\"contentUrl\":\"https:\\\/\\\/novoplasticsurgeons.com\\\/wp-content\\\/uploads\\\/2024\\\/06\\\/cropped-IMG_9286.png\",\"width\":6887,\"height\":2287,\"caption\":\"Novo Plastic\"},\"image\":{\"@id\":\"https:\\\/\\\/novoplasticsurgeons.com\\\/es\\\/#\\\/schema\\\/logo\\\/image\\\/\"}}]}<\/script>\n<!-- \/ Yoast SEO plugin. -->","yoast_head_json":{"title":"Doctor Page - Novo Plastic","robots":{"index":"index","follow":"follow","max-snippet":"max-snippet:-1","max-image-preview":"max-image-preview:large","max-video-preview":"max-video-preview:-1"},"canonical":"https:\/\/novoplasticsurgeons.com\/es\/doctor-page\/","og_locale":"es_MX","og_type":"article","og_title":"Doctor Page - Novo Plastic","og_url":"https:\/\/novoplasticsurgeons.com\/es\/doctor-page\/","og_site_name":"Novo Plastic","article_modified_time":"2025-10-20T16:56:18+00:00","og_image":[{"url":"https:\/\/novoplasticsurgeons.com\/wp-content\/uploads\/2024\/07\/istockphoto-1202135231-612x612-1-150x150.jpg","type":"","width":"","height":""}],"twitter_card":"summary_large_image","twitter_misc":{"Tiempo de lectura":"2 minutos"},"schema":{"@context":"https:\/\/schema.org","@graph":[{"@type":"WebPage","@id":"https:\/\/novoplasticsurgeons.com\/es\/doctor-page\/","url":"https:\/\/novoplasticsurgeons.com\/es\/doctor-page\/","name":"Doctor Page - Novo Plastic","isPartOf":{"@id":"https:\/\/novoplasticsurgeons.com\/es\/#website"},"primaryImageOfPage":{"@id":"https:\/\/novoplasticsurgeons.com\/es\/doctor-page\/#primaryimage"},"image":{"@id":"https:\/\/novoplasticsurgeons.com\/es\/doctor-page\/#primaryimage"},"thumbnailUrl":"https:\/\/novoplasticsurgeons.com\/wp-content\/uploads\/2024\/07\/istockphoto-1202135231-612x612-1-150x150.jpg","datePublished":"2024-06-04T16:44:48+00:00","dateModified":"2025-10-20T16:56:18+00:00","breadcrumb":{"@id":"https:\/\/novoplasticsurgeons.com\/es\/doctor-page\/#breadcrumb"},"inLanguage":"es","potentialAction":[{"@type":"ReadAction","target":["https:\/\/novoplasticsurgeons.com\/es\/doctor-page\/"]}]},{"@type":"ImageObject","inLanguage":"es","@id":"https:\/\/novoplasticsurgeons.com\/es\/doctor-page\/#primaryimage","url":"https:\/\/novoplasticsurgeons.com\/wp-content\/uploads\/2024\/07\/istockphoto-1202135231-612x612-1-150x150.jpg","contentUrl":"https:\/\/novoplasticsurgeons.com\/wp-content\/uploads\/2024\/07\/istockphoto-1202135231-612x612-1-150x150.jpg"},{"@type":"BreadcrumbList","@id":"https:\/\/novoplasticsurgeons.com\/es\/doctor-page\/#breadcrumb","itemListElement":[{"@type":"ListItem","position":1,"name":"Home","item":"https:\/\/novoplasticsurgeons.com\/es\/"},{"@type":"ListItem","position":2,"name":"Doctor Page"}]},{"@type":"WebSite","@id":"https:\/\/novoplasticsurgeons.com\/es\/#website","url":"https:\/\/novoplasticsurgeons.com\/es\/","name":"Novo Plastic","description":"","publisher":{"@id":"https:\/\/novoplasticsurgeons.com\/es\/#organization"},"potentialAction":[{"@type":"SearchAction","target":{"@type":"EntryPoint","urlTemplate":"https:\/\/novoplasticsurgeons.com\/es\/?s={search_term_string}"},"query-input":{"@type":"PropertyValueSpecification","valueRequired":true,"valueName":"search_term_string"}}],"inLanguage":"es"},{"@type":"Organization","@id":"https:\/\/novoplasticsurgeons.com\/es\/#organization","name":"Novo Plastic","url":"https:\/\/novoplasticsurgeons.com\/es\/","logo":{"@type":"ImageObject","inLanguage":"es","@id":"https:\/\/novoplasticsurgeons.com\/es\/#\/schema\/logo\/image\/","url":"https:\/\/novoplasticsurgeons.com\/wp-content\/uploads\/2024\/06\/cropped-IMG_9286.png","contentUrl":"https:\/\/novoplasticsurgeons.com\/wp-content\/uploads\/2024\/06\/cropped-IMG_9286.png","width":6887,"height":2287,"caption":"Novo Plastic"},"image":{"@id":"https:\/\/novoplasticsurgeons.com\/es\/#\/schema\/logo\/image\/"}}]}},"_links":{"self":[{"href":"https:\/\/novoplasticsurgeons.com\/es\/wp-json\/wp\/v2\/pages\/409","targetHints":{"allow":["GET"]}}],"collection":[{"href":"https:\/\/novoplasticsurgeons.com\/es\/wp-json\/wp\/v2\/pages"}],"about":[{"href":"https:\/\/novoplasticsurgeons.com\/es\/wp-json\/wp\/v2\/types\/page"}],"author":[{"embeddable":true,"href":"https:\/\/novoplasticsurgeons.com\/es\/wp-json\/wp\/v2\/users\/1"}],"replies":[{"embeddable":true,"href":"https:\/\/novoplasticsurgeons.com\/es\/wp-json\/wp\/v2\/comments?post=409"}],"version-history":[{"count":70,"href":"https:\/\/novoplasticsurgeons.com\/es\/wp-json\/wp\/v2\/pages\/409\/revisions"}],"predecessor-version":[{"id":1945,"href":"https:\/\/novoplasticsurgeons.com\/es\/wp-json\/wp\/v2\/pages\/409\/revisions\/1945"}],"wp:attachment":[{"href":"https:\/\/novoplasticsurgeons.com\/es\/wp-json\/wp\/v2\/media?parent=409"}],"curies":[{"name":"wp","href":"https:\/\/api.w.org\/{rel}","templated":true}]}}