{"id":3,"date":"2024-06-03T18:55:12","date_gmt":"2024-06-03T18:55:12","guid":{"rendered":"https:\/\/novoplasticsurgeons.com\/?page_id=3"},"modified":"2025-02-20T20:52:20","modified_gmt":"2025-02-20T20:52:20","slug":"privacy-policy","status":"publish","type":"page","link":"https:\/\/novoplasticsurgeons.com\/es\/privacy-policy\/","title":{"rendered":"Privacy Notice"},"content":{"rendered":"<div class=\"wpb-content-wrapper\"><div class=\"tt-shortcode_vc_row 8 vc_row wpb_row vc_row-fluid\" class=\"tt-shortcode_vc_row vc_row wpb_row vc_row-fluid\"><div class=\"wpb_column vc_column_container vc_col-sm-12\"><div class=\"tt-shortcode_vc_clmn vc_column-inner \"><div class=\"wpb_wrapper\">\n\t<div class=\"wpb_text_column wpb_content_element \" >\n\t\t<div class=\"tt_shortcode_vc_column_text wpb_wrapper\">\n\t\t\t<p>Rodrigo Otero Rodr\u00edguez, mejor conocido como Dr. Rodrigo Otero Rodr\u00edguez, con domicilio en calle Fray Servando Teresa de Mier 1351, Int. 110, colonia Zona Urbana, ciudad Tijuana, municipio o delegaci\u00f3n Tijuana, c.p. 22010, en la entidad de Baja California, pa\u00eds M\u00e9xico, y portal de internet Dr.otero.cirugiaplastica@gmail.com, es el responsable del uso y protecci\u00f3n de sus datos personales, y al respecto le informamos lo siguiente:<\/p>\n<h2 class=\"wp-block-heading\">\u00bfPara qu\u00e9 fines ocuparemos sus datos personales?\u00a0<\/h2>\n<p>Los datos personales que recabamos de usted, los utilizaremos para las siguientes finalidades que son necesarias para el servicio que solicita:<\/p>\n<p>\u25cf Comunicaci\u00f3n con el paciente<\/p>\n<p>De manera adicional, utilizaremos su informaci\u00f3n personal para las siguientes finalidades secundarias que no son necesarias para el servicio solicitado, pero que nos permiten y facilitan brindarle una mejor atenci\u00f3n:<\/p>\n<p>\u25cf Prestaci\u00f3n de servicios m\u00e9dicos<br \/>\u25cf Mercadotecnia o publicitaria<br \/>\u25cf Prospecci\u00f3n comercial<\/p>\n<p>En caso de que no desee que sus datos personales se utilicen para estos fines secundarios, ind\u00edquelo a continuaci\u00f3n:<\/p>\n<p>No consiento que mis datos personales se utilicen para los siguientes fines:<\/p>\n<p>\u25cf Prestaci\u00f3n de servicios m\u00e9dicos<br \/>\u25cf Mercadotecnia o publicitaria<br \/>\u25cf Prospecci\u00f3n comercial<\/p>\n<p>La negativa para el uso de sus datos personales para estas finalidades no podr\u00e1 ser un motivo para que le neguemos los servicios y productos que solicita o contrata con nosotros.<\/p>\n<h2 class=\"wp-block-heading\">\u00bfQu\u00e9 datos personales utilizaremos para estos fines?<\/h2>\n<p>Para llevar a cabo las finalidades descritas en el presente aviso de privacidad, utilizaremos los siguientes datos<br \/>personales:<\/p>\n<p>\u25cf Nombre<br \/>\u25cf Fecha de nacimiento<br \/>\u25cf Nacionalidad<br \/>\u25cf Tel\u00e9fono celular<br \/>\u25cf Correo electr\u00f3nico<br \/>\u25cf Edad<br \/>\u25cf Fotograf\u00eda<br \/>\u25cf Estatura<br \/>\u25cf Peso<br \/>\u25cf Tipo de sangre<br \/>\u25cf Enfermedades previas<br \/>\u25cf Cirug\u00edas previas<br \/>\u25cf Tabaquismo<br \/>\u25cf Alcoholismo<br \/>\u25cf Toxicomanias<br \/>\u25cf Medicamentos<br \/>\u25cf Alergias a medicamentos o alimentos<br \/>\u25cf N\u00famero de gestaciones, embarazos o abortos<br \/>\u25cf Fecha de ultima menstruaci\u00f3n<\/p>\n<p>Adem\u00e1s de los datos personales mencionados anteriormente, para las finalidades informadas en el presente aviso de privacidad utilizaremos los siguientes datos personales considerados como sensibles, que requieren de especial protecci\u00f3n:<\/p>\n<p>\u25cf Estado de salud f\u00edsico presente, pasado o futuro<br \/>\u25cf Estado de salud mental presente, pasado o futuro<br \/>\u25cf Preferencias sexuales<br \/>\u25cf Pr\u00e1cticas o h\u00e1bitos sexuales<\/p>\n<h2 class=\"wp-block-heading\">\u00bfC\u00f3mo puede acceder, rectificar o cancelar sus datos personales, u oponerse a su uso?<\/h2>\n<p>Usted tiene derecho a conocer qu\u00e9 datos personales tenemos de usted, para qu\u00e9 los utilizamos y las condiciones del uso que les damos (Acceso). Asimismo, es su derecho solicitar la correcci\u00f3n de su informaci\u00f3n personal en caso de que est\u00e9 desactualizada, sea inexacta o incompleta (Rectificaci\u00f3n); que la eliminemos de nuestros registros o bases de datos cuando considere que la misma no est\u00e1 siendo utilizada adecuadamente (Cancelaci\u00f3n); as\u00ed como oponerse<br \/>al uso de sus datos personales para fines espec\u00edficos (Oposici\u00f3n). Estos derechos se conocen como derechos<br \/>ARCO.<\/p>\n<p>Para el ejercicio de cualquiera de los derechos ARCO, usted deber\u00e1 presentar la solicitud respectiva a trav\u00e9s del siguiente medio:<br \/>Correo electr\u00f3nico<br \/>Con relaci\u00f3n al procedimiento y requisitos para el ejercicio de sus derechos ARCO, le informamos lo siguiente:<br \/>a) \u00bfA trav\u00e9s de qu\u00e9 medios pueden acreditar su identidad el titular y, en su caso, su representante, as\u00ed como la personalidad este \u00faltimo?<br \/>Copia Identificaci\u00f3n oficial<br \/>b) \u00bfQu\u00e9 informaci\u00f3n y\/o documentaci\u00f3n deber\u00e1 contener la solicitud?<br \/>Nombre completo, domicilio y correo electr\u00f3nico<br \/>c) \u00bfEn cu\u00e1ntos d\u00edas le daremos respuesta a su solicitud?<br \/>M\u00e1ximo 30 d\u00edas<br \/>d) \u00bfPor qu\u00e9 medio le comunicaremos la respuesta a su solicitud?<br \/>Correo electr\u00f3nico<br \/>e) \u00bfEn qu\u00e9 medios se pueden reproducir los datos personales que, en su caso, solicite?<br \/>Formato electr\u00f3nico o f\u00edsico.<br \/>Los datos de contacto de la persona o departamento de datos personales, que est\u00e1 a cargo de dar tr\u00e1mite a las<br \/>solicitudes de derechos ARCO, son los siguientes:<br \/>a) Nombre de la persona o departamento de datos personales: Dr. Rodrigo Otero Rodr\u00edguez<br \/>b) Domicilio: calle Fray Servando Teresa de Mier 1351, Int. 110, colonia Zona Urbana Rio Tijuana, ciudad Tijuana,<br \/>municipio o delegaci\u00f3n Tijuana, c.p. 22010, en la entidad de Baja California, pa\u00eds Mexico<br \/>c) Correo electr\u00f3nico: Dr.otero.cirugiaplastica@gmail.com<br \/>d) N\u00famero telef\u00f3nico: 8120403265<\/p>\n<h2 class=\"wp-block-heading\">Usted puede revocar su consentimiento para el uso de sus datos personales<\/h2>\n<p>Usted puede revocar el consentimiento que, en su caso, nos haya otorgado para el tratamiento de sus datos<br \/>personales. Sin embargo, es importante que tenga en cuenta que no en todos los casos podremos atender su<br \/>solicitud o concluir el uso de forma inmediata, ya que es posible que por alguna obligaci\u00f3n legal requiramos seguir tratando sus datos personales. Asimismo, usted deber\u00e1 considerar que para ciertos fines, la revocaci\u00f3n de su consentimiento implicar\u00e1 que no le podamos seguir prestando el servicio que nos solicit\u00f3, o la conclusi\u00f3n de su relaci\u00f3n con nosotros.<br \/>Para revocar su consentimiento deber\u00e1 presentar su solicitud a trav\u00e9s del siguiente medio:<br \/>Correo electr\u00f3nico<!-- \/wp:post-content --><\/p>\n<p><!-- wp:heading --><\/p>\n<p>Usted puede revocar el consentimiento que, en su caso, nos haya otorgado para el tratamiento de sus datos<br \/>personales. Sin embargo, es importante que tenga en cuenta que no en todos los casos podremos atender su<br \/>solicitud o concluir el uso de forma inmediata, ya que es posible que por alguna obligaci\u00f3n legal requiramos seguir tratando sus datos personales. Asimismo, usted deber\u00e1 considerar que para ciertos fines, la revocaci\u00f3n de su consentimiento implicar\u00e1 que no le podamos seguir prestando el servicio que nos solicit\u00f3, o la conclusi\u00f3n de su relaci\u00f3n con nosotros.<br \/>Para revocar su consentimiento deber\u00e1 presentar su solicitud a trav\u00e9s del siguiente medio:<br \/>Correo electr\u00f3nico<\/p>\n<h2 class=\"wp-block-heading\">\u00bfC\u00f3mo puede limitar el uso o divulgaci\u00f3n de su informaci\u00f3n personal?<\/h2>\n<p>Con objeto de que usted pueda limitar el uso y divulgaci\u00f3n de su informaci\u00f3n personal, le ofrecemos los siguientes medios:<br \/>Correo electr\u00f3nico<!-- \/wp:heading --><\/p>\n<p><!-- wp:heading --><\/p>\n<h2 class=\"wp-block-heading\">El uso de tecnolog\u00edas de rastreo en nuestro portal de internet<\/h2>\n<p><!-- \/wp:heading -->Le informamos que en nuestra p\u00e1gina de internet utilizamos cookies, web beacons u otras tecnolog\u00edas, a trav\u00e9s de las cuales es posible monitorear su comportamiento como usuario de internet, as\u00ed como brindarle un mejor servicio y experiencia al navegar en nuestra p\u00e1gina. Los datos personales que recabamos a trav\u00e9s de estas tecnolog\u00edas, los utilizaremos para los siguientes fines:<br \/>Mercadotecnia<br \/>Los datos personales que obtenemos de estas tecnolog\u00edas de rastreo son los siguientes:<br \/>Idioma preferido por el usuario<br \/>Regi\u00f3n en la que se encuentra el usuario<br \/>Tipo de sistema operativo del usuario<br \/>Estas tecnolog\u00edas podr\u00e1n deshabilitarse siguiendo los siguientes pasos: Dar clic en el bot\u00f3n declinar.<\/p>\n<h2 class=\"wp-block-heading\">\u00bfC\u00f3mo puede conocer los cambios en este aviso de privacidad?<\/h2>\n<p>El presente aviso de privacidad puede sufrir modificaciones, cambios o actualizaciones derivadas de nuevos requerimientos legales; de nuestras propias necesidades por los productos o servicios que ofrecemos; de nuestras pr\u00e1cticas de privacidad; de cambios en nuestro modelo de negocio, o por otras causas.<br \/>Nos comprometemos a mantenerlo informado sobre los cambios que pueda sufrir el presente aviso de privacidad, a trav\u00e9s de: Correo electr\u00f3nico.<br \/>El procedimiento a trav\u00e9s del cual se llevar\u00e1n a cabo las notificaciones sobre cambios o actualizaciones al presente aviso de privacidad es el siguiente:<br \/>Env\u00edo de correo electr\u00f3nico<\/p>\n<p style=\"text-align: right;\">\u00daltima actualizaci\u00f3n: 25\/11\/2024<\/p>\n<p><!-- \/wp:paragraph --><\/p>\n<p>&nbsp;<\/p>\n\n\t\t<\/div>\n\t<\/div>\n<\/div><\/div><\/div><\/div><\/div>","protected":false},"excerpt":{"rendered":"Rodrigo Otero Rodr\u00edguez, mejor conocido como Dr. Rodrigo Otero Rodr\u00edguez, con domicilio en calle Fray Servando Teresa de Mier 1351, Int. 110, colonia Zona Urbana, ciudad Tijuana, municipio o delegaci\u00f3n Tijuana, c.p. 22010, en la entidad de Baja California, pa\u00eds M\u00e9xico, y portal de internet Dr.otero.cirugiaplastica@gmail.com, es el responsable del uso y protecci\u00f3n de sus <div class=\"btn-more-wrapper\"><a href=\"https:\/\/novoplasticsurgeons.com\/es\/privacy-policy\/\" class=\"btn btn-sm btn-hover-fill\"><svg class=\"icon icon-right-arrow\" version=\"1.1\" xmlns=\"http:\/\/www.w3.org\/2000\/svg\" width=\"32\" height=\"32\" viewBox=\"0 0 32 32\"><path d=\"M21.548 5.088c-0.436-0.451-1.162-0.451-1.613 0-0.436 0.436-0.436 1.162 0 1.596l8.177 8.177h-26.984c-0.629 0.001-1.129 0.501-1.129 1.13s0.5 1.145 1.129 1.145h26.984l-8.177 8.162c-0.436 0.451-0.436 1.178 0 1.613 0.451 0.451 1.178 0.451 1.613 0l10.113-10.113c0.451-0.436 0.451-1.162 0-1.596l-10.113-10.114z\"><\/path><\/svg>Read More<span class=\"screen-reader-text\"> \"Privacy Notice\"<\/span><svg class=\"icon icon-right-arrow\" version=\"1.1\" xmlns=\"http:\/\/www.w3.org\/2000\/svg\" width=\"32\" height=\"32\" viewBox=\"0 0 32 32\"><path d=\"M21.548 5.088c-0.436-0.451-1.162-0.451-1.613 0-0.436 0.436-0.436 1.162 0 1.596l8.177 8.177h-26.984c-0.629 0.001-1.129 0.501-1.129 1.13s0.5 1.145 1.129 1.145h26.984l-8.177 8.162c-0.436 0.451-0.436 1.178 0 1.613 0.451 0.451 1.178 0.451 1.613 0l10.113-10.113c0.451-0.436 0.451-1.162 0-1.596l-10.113-10.114z\"><\/path><\/svg><\/a><\/div>","protected":false},"author":1,"featured_media":0,"parent":0,"menu_order":0,"comment_status":"closed","ping_status":"closed","template":"","meta":{"_coblocks_attr":"","_coblocks_dimensions":"","_coblocks_responsive_height":"","_coblocks_accordion_ie_support":"","_monsterinsights_skip_tracking":false,"_monsterinsights_sitenote_active":false,"_monsterinsights_sitenote_note":"","_monsterinsights_sitenote_category":0,"footnotes":""},"class_list":["post-3","page","type-page","status-publish","hentry"],"yoast_head":"<!-- This site is optimized with the Yoast SEO plugin v27.4 - https:\/\/yoast.com\/product\/yoast-seo-wordpress\/ -->\n<title>Privacy Notice - Novo Plastic<\/title>\n<meta name=\"robots\" content=\"index, follow, max-snippet:-1, max-image-preview:large, max-video-preview:-1\" \/>\n<link rel=\"canonical\" href=\"https:\/\/novoplasticsurgeons.com\/es\/privacy-policy\/\" \/>\n<meta property=\"og:locale\" content=\"es_MX\" \/>\n<meta property=\"og:type\" content=\"article\" \/>\n<meta property=\"og:title\" content=\"Privacy Notice - Novo Plastic\" \/>\n<meta property=\"og:url\" content=\"https:\/\/novoplasticsurgeons.com\/es\/privacy-policy\/\" \/>\n<meta property=\"og:site_name\" content=\"Novo Plastic\" \/>\n<meta property=\"article:modified_time\" content=\"2025-02-20T20:52:20+00:00\" \/>\n<meta name=\"twitter:card\" content=\"summary_large_image\" \/>\n<meta name=\"twitter:label1\" content=\"Tiempo de lectura\" \/>\n\t<meta name=\"twitter:data1\" content=\"6 minutos\" \/>\n<script type=\"application\/ld+json\" class=\"yoast-schema-graph\">{\"@context\":\"https:\\\/\\\/schema.org\",\"@graph\":[{\"@type\":\"WebPage\",\"@id\":\"https:\\\/\\\/novoplasticsurgeons.com\\\/es\\\/privacy-policy\\\/\",\"url\":\"https:\\\/\\\/novoplasticsurgeons.com\\\/es\\\/privacy-policy\\\/\",\"name\":\"Privacy Notice - Novo Plastic\",\"isPartOf\":{\"@id\":\"https:\\\/\\\/novoplasticsurgeons.com\\\/es\\\/#website\"},\"datePublished\":\"2024-06-03T18:55:12+00:00\",\"dateModified\":\"2025-02-20T20:52:20+00:00\",\"breadcrumb\":{\"@id\":\"https:\\\/\\\/novoplasticsurgeons.com\\\/es\\\/privacy-policy\\\/#breadcrumb\"},\"inLanguage\":\"es\",\"potentialAction\":[{\"@type\":\"ReadAction\",\"target\":[\"https:\\\/\\\/novoplasticsurgeons.com\\\/es\\\/privacy-policy\\\/\"]}]},{\"@type\":\"BreadcrumbList\",\"@id\":\"https:\\\/\\\/novoplasticsurgeons.com\\\/es\\\/privacy-policy\\\/#breadcrumb\",\"itemListElement\":[{\"@type\":\"ListItem\",\"position\":1,\"name\":\"Home\",\"item\":\"https:\\\/\\\/novoplasticsurgeons.com\\\/es\\\/\"},{\"@type\":\"ListItem\",\"position\":2,\"name\":\"Privacy Notice\"}]},{\"@type\":\"WebSite\",\"@id\":\"https:\\\/\\\/novoplasticsurgeons.com\\\/es\\\/#website\",\"url\":\"https:\\\/\\\/novoplasticsurgeons.com\\\/es\\\/\",\"name\":\"Novo Plastic\",\"description\":\"\",\"publisher\":{\"@id\":\"https:\\\/\\\/novoplasticsurgeons.com\\\/es\\\/#organization\"},\"potentialAction\":[{\"@type\":\"SearchAction\",\"target\":{\"@type\":\"EntryPoint\",\"urlTemplate\":\"https:\\\/\\\/novoplasticsurgeons.com\\\/es\\\/?s={search_term_string}\"},\"query-input\":{\"@type\":\"PropertyValueSpecification\",\"valueRequired\":true,\"valueName\":\"search_term_string\"}}],\"inLanguage\":\"es\"},{\"@type\":\"Organization\",\"@id\":\"https:\\\/\\\/novoplasticsurgeons.com\\\/es\\\/#organization\",\"name\":\"Novo Plastic\",\"url\":\"https:\\\/\\\/novoplasticsurgeons.com\\\/es\\\/\",\"logo\":{\"@type\":\"ImageObject\",\"inLanguage\":\"es\",\"@id\":\"https:\\\/\\\/novoplasticsurgeons.com\\\/es\\\/#\\\/schema\\\/logo\\\/image\\\/\",\"url\":\"https:\\\/\\\/novoplasticsurgeons.com\\\/wp-content\\\/uploads\\\/2024\\\/06\\\/cropped-IMG_9286.png\",\"contentUrl\":\"https:\\\/\\\/novoplasticsurgeons.com\\\/wp-content\\\/uploads\\\/2024\\\/06\\\/cropped-IMG_9286.png\",\"width\":6887,\"height\":2287,\"caption\":\"Novo Plastic\"},\"image\":{\"@id\":\"https:\\\/\\\/novoplasticsurgeons.com\\\/es\\\/#\\\/schema\\\/logo\\\/image\\\/\"}}]}<\/script>\n<!-- \/ Yoast SEO plugin. -->","yoast_head_json":{"title":"Privacy Notice - Novo Plastic","robots":{"index":"index","follow":"follow","max-snippet":"max-snippet:-1","max-image-preview":"max-image-preview:large","max-video-preview":"max-video-preview:-1"},"canonical":"https:\/\/novoplasticsurgeons.com\/es\/privacy-policy\/","og_locale":"es_MX","og_type":"article","og_title":"Privacy Notice - Novo Plastic","og_url":"https:\/\/novoplasticsurgeons.com\/es\/privacy-policy\/","og_site_name":"Novo Plastic","article_modified_time":"2025-02-20T20:52:20+00:00","twitter_card":"summary_large_image","twitter_misc":{"Tiempo de lectura":"6 minutos"},"schema":{"@context":"https:\/\/schema.org","@graph":[{"@type":"WebPage","@id":"https:\/\/novoplasticsurgeons.com\/es\/privacy-policy\/","url":"https:\/\/novoplasticsurgeons.com\/es\/privacy-policy\/","name":"Privacy Notice - Novo Plastic","isPartOf":{"@id":"https:\/\/novoplasticsurgeons.com\/es\/#website"},"datePublished":"2024-06-03T18:55:12+00:00","dateModified":"2025-02-20T20:52:20+00:00","breadcrumb":{"@id":"https:\/\/novoplasticsurgeons.com\/es\/privacy-policy\/#breadcrumb"},"inLanguage":"es","potentialAction":[{"@type":"ReadAction","target":["https:\/\/novoplasticsurgeons.com\/es\/privacy-policy\/"]}]},{"@type":"BreadcrumbList","@id":"https:\/\/novoplasticsurgeons.com\/es\/privacy-policy\/#breadcrumb","itemListElement":[{"@type":"ListItem","position":1,"name":"Home","item":"https:\/\/novoplasticsurgeons.com\/es\/"},{"@type":"ListItem","position":2,"name":"Privacy Notice"}]},{"@type":"WebSite","@id":"https:\/\/novoplasticsurgeons.com\/es\/#website","url":"https:\/\/novoplasticsurgeons.com\/es\/","name":"Novo Plastic","description":"","publisher":{"@id":"https:\/\/novoplasticsurgeons.com\/es\/#organization"},"potentialAction":[{"@type":"SearchAction","target":{"@type":"EntryPoint","urlTemplate":"https:\/\/novoplasticsurgeons.com\/es\/?s={search_term_string}"},"query-input":{"@type":"PropertyValueSpecification","valueRequired":true,"valueName":"search_term_string"}}],"inLanguage":"es"},{"@type":"Organization","@id":"https:\/\/novoplasticsurgeons.com\/es\/#organization","name":"Novo Plastic","url":"https:\/\/novoplasticsurgeons.com\/es\/","logo":{"@type":"ImageObject","inLanguage":"es","@id":"https:\/\/novoplasticsurgeons.com\/es\/#\/schema\/logo\/image\/","url":"https:\/\/novoplasticsurgeons.com\/wp-content\/uploads\/2024\/06\/cropped-IMG_9286.png","contentUrl":"https:\/\/novoplasticsurgeons.com\/wp-content\/uploads\/2024\/06\/cropped-IMG_9286.png","width":6887,"height":2287,"caption":"Novo Plastic"},"image":{"@id":"https:\/\/novoplasticsurgeons.com\/es\/#\/schema\/logo\/image\/"}}]}},"_links":{"self":[{"href":"https:\/\/novoplasticsurgeons.com\/es\/wp-json\/wp\/v2\/pages\/3","targetHints":{"allow":["GET"]}}],"collection":[{"href":"https:\/\/novoplasticsurgeons.com\/es\/wp-json\/wp\/v2\/pages"}],"about":[{"href":"https:\/\/novoplasticsurgeons.com\/es\/wp-json\/wp\/v2\/types\/page"}],"author":[{"embeddable":true,"href":"https:\/\/novoplasticsurgeons.com\/es\/wp-json\/wp\/v2\/users\/1"}],"replies":[{"embeddable":true,"href":"https:\/\/novoplasticsurgeons.com\/es\/wp-json\/wp\/v2\/comments?post=3"}],"version-history":[{"count":5,"href":"https:\/\/novoplasticsurgeons.com\/es\/wp-json\/wp\/v2\/pages\/3\/revisions"}],"predecessor-version":[{"id":1519,"href":"https:\/\/novoplasticsurgeons.com\/es\/wp-json\/wp\/v2\/pages\/3\/revisions\/1519"}],"wp:attachment":[{"href":"https:\/\/novoplasticsurgeons.com\/es\/wp-json\/wp\/v2\/media?parent=3"}],"curies":[{"name":"wp","href":"https:\/\/api.w.org\/{rel}","templated":true}]}}