{"id":989,"date":"2024-07-09T14:14:58","date_gmt":"2024-07-09T14:14:58","guid":{"rendered":"https:\/\/novoplasticsurgeons.com\/?page_id=989"},"modified":"2025-12-11T22:56:48","modified_gmt":"2025-12-11T22:56:48","slug":"botulinum-toxin","status":"publish","type":"page","link":"https:\/\/novoplasticsurgeons.com\/en\/botulinum-toxin\/","title":{"rendered":"Botulinum Toxin"},"content":{"rendered":"<div class=\"wpb-content-wrapper\"><div  class=\"tt-shortcode_vc_row 8 row\" ><div class=\"tt-shortcode_vc_clmn col-md\"><div class=\"row d-flex flex-column flex-sm-row flex-md-column mt-3\" ><div class=\"shortcode_vc_clmn_inner col-auto col-sm col-md-auto\"><div class=\"rs_inner_block contact-box contact-box-1\"><h5 style=\"text-align: left\" class=\"vc_custom_heading contact-box-title\" >Work time<\/h5><ul class=\"icn-list\">\n<li><svg class=\"icon icon-clock\" version=\"1.1\" xmlns=\"http:\/\/www.w3.org\/2000\/svg\" width=\"32\" height=\"32\" viewbox=\"0 0 32 32\"><path d=\"M20.655 15.582h-4.232v-4.232c0-0.701-0.569-1.27-1.27-1.27s-1.27 0.569-1.27 1.27v5.502c0 0.701 0.569 1.27 1.27 1.27h5.502c0.701 0 1.27-0.569 1.27-1.27s-0.569-1.27-1.27-1.27z\"><\/path><path d=\"M16 1.5c-7.995 0-14.5 6.505-14.5 14.5s6.505 14.5 14.5 14.5 14.5-6.505 14.5-14.5c0-7.995-6.505-14.5-14.5-14.5zM16 27.96c-6.595 0-11.96-5.365-11.96-11.96s5.365-11.96 11.96-11.96 11.96 5.365 11.96 11.96c0 6.595-5.365 11.96-11.96 11.96z\"><\/path><\/svg>Mon-Fri <b>08:00 &#8211; 20:00<\/b><br class=\"tt\" \/>Saturday <b>08:00 &#8211; 14:00<\/b><\/li>\n<\/ul>\n<\/div><\/div><div class=\"shortcode_vc_clmn_inner col-auto col-sm col-md-auto\"><div class=\"rs_inner_block contact-box contact-box-2\"><h5 style=\"text-align: left\" class=\"vc_custom_heading contact-box-title\" >Contact Information<\/h5><ul class=\"icn-list\">\n<li class=\"p-l-0\">\n<div class=\"tt\"><svg class=\"icon icon-clock\" version=\"1.1\" xmlns=\"http:\/\/www.w3.org\/2000\/svg\" width=\"32\" height=\"32\" viewbox=\"0 0 32 32\"><path d=\"M20.655 15.582h-4.232v-4.232c0-0.701-0.569-1.27-1.27-1.27s-1.27 0.569-1.27 1.27v5.502c0 0.701 0.569 1.27 1.27 1.27h5.502c0.701 0 1.27-0.569 1.27-1.27s-0.569-1.27-1.27-1.27z\"><\/path><path d=\"M16 1.5c-7.995 0-14.5 6.505-14.5 14.5s6.505 14.5 14.5 14.5 14.5-6.505 14.5-14.5c0-7.995-6.505-14.5-14.5-14.5zM16 27.96c-6.595 0-11.96-5.365-11.96-11.96s5.365-11.96 11.96-11.96 11.96 5.365 11.96 11.96c0 6.595-5.365 11.96-11.96 11.96z\"><\/path><\/svg>Phone<span class=\"tt\"><span class=\"tt\">: <\/span><\/span><b><span class=\"phone\"><span class=\"text-nowrap\">663 109 4861<\/span><\/span><\/b><\/div>\n<\/li>\n<li class=\"p-l-0\">\n<div class=\"tt\" style=\"text-align: center;\"><svg class=\"icon icon-black-envelope\" version=\"1.1\" xmlns=\"http:\/\/www.w3.org\/2000\/svg\" width=\"32\" height=\"32\" viewbox=\"0 0 32 32\"><path d=\"M2.531 6.124l11.526 9.13c0.523 0.414 1.243 0.597 1.942 0.563 0.698 0.034 1.419-0.148 1.941-0.563l11.526-9.13c0.924-0.727 0.715-1.323-0.457-1.323h-26.019c-1.173 0-1.382 0.596-0.461 1.323z\"><\/path><path d=\"M30.3 8.533l-12.596 9.563c-0.471 0.354-1.088 0.526-1.702 0.518-0.616 0.008-1.233-0.165-1.704-0.518l-12.598-9.563c-0.935-0.709-1.7-0.329-1.7 0.844v15.69c0 1.173 0.96 2.133 2.133 2.133h27.734c1.173 0 2.133-0.96 2.133-2.133v-15.69c0-1.173-0.765-1.553-1.7-0.844z\"><\/path><\/svg><\/div>\n<\/li>\n<li class=\"p-l-0\">\n<div class=\"tt\" style=\"text-align: center;\"><a href=\"mailto:info@novoplasticsurgeons.com\">info@novoplasticsurgeons.com<\/a><\/div>\n<\/li>\n<\/ul>\n<\/div><\/div><\/div><div class=\"shortcode_vc_clmn_inner question-box mt-3\"><h5 style=\"text-align: left\" class=\"vc_custom_heading question-box-title\" >Ask the experts<\/h5>\n<div class=\"wpcf7 no-js\" id=\"wpcf7-f437-o1\" lang=\"en-US\" dir=\"ltr\" data-wpcf7-id=\"437\">\n<div class=\"screen-reader-response\"><p role=\"status\" aria-live=\"polite\" aria-atomic=\"true\"><\/p> <ul><\/ul><\/div>\n<form action=\"\/en\/wp-json\/wp\/v2\/pages\/989#wpcf7-f437-o1\" method=\"post\" class=\"wpcf7-form init\" aria-label=\"Contact form\" novalidate=\"novalidate\" data-status=\"init\" data-trp-original-action=\"\/en\/wp-json\/wp\/v2\/pages\/989#wpcf7-f437-o1\">\n<fieldset class=\"hidden-fields-container\"><input type=\"hidden\" name=\"_wpcf7\" value=\"437\" \/><input type=\"hidden\" name=\"_wpcf7_version\" value=\"6.1.5\" \/><input type=\"hidden\" name=\"_wpcf7_locale\" value=\"en_US\" \/><input type=\"hidden\" name=\"_wpcf7_unit_tag\" value=\"wpcf7-f437-o1\" \/><input type=\"hidden\" name=\"_wpcf7_container_post\" value=\"0\" \/><input type=\"hidden\" name=\"_wpcf7_posted_data_hash\" value=\"\" \/>\n<\/fieldset>\n<div class=\"contact-form contact7__custom-form questionForm ws-form-icons\" id=\"questionForm\">\n\t<div class=\"input-group\">\n\t\t<p><span><svg class=\"icon icon-user-3\" version=\"1.1\" xmlns=\"http:\/\/www.w3.org\/2000\/svg\" width=\"35\" height=\"32\" viewbox=\"0 0 35 32\"><path d=\"M33.25 16c0-8.822-7.178-16-16-16s-16 7.178-16 16c0 4.66 2.004 8.86 5.193 11.786l-0.015 0.013 0.519 0.438c0.034 0.029 0.070 0.052 0.104 0.080 0.276 0.229 0.561 0.446 0.852 0.656 0.094 0.068 0.188 0.136 0.284 0.202 0.311 0.214 0.63 0.417 0.955 0.61 0.071 0.042 0.143 0.083 0.214 0.123 0.357 0.203 0.721 0.394 1.094 0.57 0.027 0.013 0.055 0.024 0.083 0.037 1.215 0.565 2.513 0.98 3.87 1.225 0.036 0.006 0.071 0.013 0.107 0.019 0.421 0.073 0.847 0.131 1.278 0.17 0.052 0.005 0.105 0.008 0.158 0.012 0.429 0.035 0.863 0.058 1.303 0.058 0.436 0 0.866-0.023 1.293-0.057 0.054-0.005 0.108-0.008 0.162-0.012 0.428-0.039 0.85-0.095 1.267-0.167 0.036-0.006 0.073-0.013 0.109-0.020 1.336-0.24 2.615-0.645 3.815-1.196 0.044-0.020 0.089-0.040 0.133-0.061 0.359-0.169 0.71-0.351 1.054-0.545 0.086-0.048 0.17-0.097 0.255-0.147 0.313-0.184 0.621-0.377 0.92-0.582 0.108-0.073 0.213-0.151 0.319-0.227 0.255-0.184 0.506-0.374 0.75-0.572 0.054-0.044 0.112-0.081 0.165-0.126l0.532-0.445-0.016-0.013c3.217-2.928 5.24-7.147 5.24-11.831zM2.414 16c0-8.181 6.655-14.836 14.836-14.836s14.836 6.655 14.836 14.836c0 4.408-1.935 8.372-4.997 11.091-0.171-0.118-0.343-0.224-0.52-0.312l-4.926-2.463c-0.442-0.221-0.717-0.666-0.717-1.16v-1.72c0.114-0.141 0.234-0.3 0.359-0.475 0.638-0.901 1.149-1.903 1.522-2.981 0.737-0.35 1.213-1.084 1.213-1.914v-2.063c0-0.504-0.185-0.994-0.516-1.378v-2.715c0.030-0.303 0.137-2.006-1.096-3.412-1.072-1.224-2.808-1.844-5.159-1.844s-4.087 0.62-5.159 1.843c-1.233 1.406-1.126 3.11-1.096 3.412v2.715c-0.33 0.385-0.516 0.874-0.516 1.378v2.063c0 0.641 0.287 1.238 0.78 1.641 0.471 1.846 1.441 3.244 1.8 3.717v1.684c0 0.475-0.259 0.911-0.676 1.139l-4.6 2.509c-0.147 0.080-0.292 0.173-0.438 0.277-3.025-2.718-4.931-6.657-4.931-11.034z\"><\/path><\/svg><\/span><span class=\"wpcf7-form-control-wrap\" data-name=\"your-name\"><input size=\"40\" maxlength=\"400\" class=\"wpcf7-form-control wpcf7-text wpcf7-validates-as-required form-control\" aria-required=\"true\" aria-invalid=\"false\" placeholder=\"Your name*\" value=\"\" type=\"text\" name=\"your-name\" \/><\/span>\n\t\t<\/p>\n\t<\/div>\n\t<div class=\"input-group\">\n\t\t<p><span> <svg class=\"icon icon-email-2\" version=\"1.1\" xmlns=\"http:\/\/www.w3.org\/2000\/svg\" width=\"32\" height=\"32\" viewbox=\"0 0 32 32\"><path d=\"M29.188 3.813h-26.375c-1.549 0-2.813 1.262-2.813 2.813v18.75c0 1.545 1.258 2.813 2.813 2.813h26.375c1.545 0 2.813-1.258 2.813-2.813v-18.75c0-1.545-1.258-2.813-2.813-2.813zM28.799 5.688l-12.739 12.74-12.85-12.74h25.589zM1.875 24.987v-17.982l9.030 8.953-9.030 9.030zM3.201 26.313l9.036-9.036 3.166 3.139c0.367 0.363 0.958 0.362 1.323-0.003l3.087-3.087 8.987 8.987h-25.598zM30.125 24.987l-8.987-8.987 8.987-8.987v17.973z\"><\/path><\/svg><\/span><span class=\"wpcf7-form-control-wrap\" data-name=\"your-email\"><input size=\"40\" maxlength=\"400\" class=\"wpcf7-form-control wpcf7-email wpcf7-validates-as-required wpcf7-text wpcf7-validates-as-email form-control\" aria-required=\"true\" aria-invalid=\"false\" placeholder=\"Your email*\" value=\"\" type=\"email\" name=\"your-email\" \/><\/span>\n\t\t<\/p>\n\t<\/div>\n\t<div class=\"input-group\">\n\t\t<p><span><svg class=\"icon icon-smartphone\" version=\"1.1\" xmlns=\"http:\/\/www.w3.org\/2000\/svg\" width=\"32\" height=\"32\" viewbox=\"0 0 32 32\"><path d=\"M25.636 29.509v-27.025c0-1.366-1.111-2.484-2.484-2.484h-14.304c-1.366 0-2.484 1.111-2.484 2.484v27.032c0 1.366 1.111 2.484 2.484 2.484h14.304c1.366-0.007 2.484-1.118 2.484-2.491zM7.966 5.759h16.062v18.187h-16.062v-18.187zM8.848 1.602h14.304c0.484 0 0.883 0.392 0.883 0.883v1.674h-16.069v-1.674c0-0.49 0.399-0.883 0.883-0.883zM7.966 29.509v-3.968h16.062v3.968c0 0.484-0.392 0.883-0.883 0.883h-14.297c-0.484 0-0.883-0.392-0.883-0.883z\"><\/path><path d=\"M17.621 27.234h-3.249c-0.445 0-0.804 0.36-0.804 0.804s0.36 0.804 0.804 0.804h3.249c0.445 0 0.804-0.36 0.804-0.804s-0.36-0.804-0.804-0.804z\"><\/path><\/svg><\/span><span class=\"wpcf7-form-control-wrap\" data-name=\"your-phone\"><input size=\"40\" maxlength=\"400\" class=\"wpcf7-form-control wpcf7-text form-control\" aria-invalid=\"false\" placeholder=\"Phone\" value=\"\" type=\"text\" name=\"your-phone\" \/><\/span>\n\t\t<\/p>\n\t<\/div>\n\t<div class=\"tt_mb_14\">\n\t\t<p><span class=\"wpcf7-form-control-wrap\" data-name=\"your-message\"><textarea cols=\"40\" rows=\"10\" maxlength=\"2000\" class=\"wpcf7-form-control wpcf7-textarea wpcf7-validates-as-required form-control form-control-textarea\" aria-required=\"true\" aria-invalid=\"false\" placeholder=\"Question*\" name=\"your-message\"><\/textarea><\/span>\n\t\t<\/p>\n\t<\/div>\n\t<div class=\"text-left\">\n\t\t<p><input class=\"wpcf7-form-control wpcf7-submit has-spinner btn btn-sm btn-hover-fill\" type=\"submit\" value=\"Ask now\" \/>\n\t\t<\/p>\n\t<\/div>\n<\/div><div class=\"wpcf7-response-output\" aria-hidden=\"true\"><\/div>\n<input type=\"hidden\" name=\"trp-form-language\" value=\"en\"\/><\/form>\n<\/div>\n<\/div><\/div><div class=\"tt-shortcode_vc_clmn col-md-8 col-lg-9 mt-4 mt-md-0\"><div  class=\"tt-reset-tag-p service-img\"><img loading=\"lazy\" decoding=\"async\" width=\"2560\" height=\"1707\" src=\"https:\/\/novoplasticsurgeons.com\/wp-content\/uploads\/2024\/07\/young-woman-wearing-medical-headwear-while-doctor-injects-her-face-scaled.jpg\" class=\"vc_single_image-img img-fluid attachment-full\" alt=\"\" title=\"Doing a botox injection. Beautiful young shirtless woman in medical headwear and sketches on sad face while doctors hand making an injection in face\" srcset=\"https:\/\/novoplasticsurgeons.com\/wp-content\/uploads\/2024\/07\/young-woman-wearing-medical-headwear-while-doctor-injects-her-face-scaled.jpg 2560w, https:\/\/novoplasticsurgeons.com\/wp-content\/uploads\/2024\/07\/young-woman-wearing-medical-headwear-while-doctor-injects-her-face-300x200.jpg 300w, https:\/\/novoplasticsurgeons.com\/wp-content\/uploads\/2024\/07\/young-woman-wearing-medical-headwear-while-doctor-injects-her-face-1536x1024.jpg 1536w, https:\/\/novoplasticsurgeons.com\/wp-content\/uploads\/2024\/07\/young-woman-wearing-medical-headwear-while-doctor-injects-her-face-768x512.jpg 768w, https:\/\/novoplasticsurgeons.com\/wp-content\/uploads\/2024\/07\/young-woman-wearing-medical-headwear-while-doctor-injects-her-face-2048x1365.jpg 2048w, https:\/\/novoplasticsurgeons.com\/wp-content\/uploads\/2024\/07\/young-woman-wearing-medical-headwear-while-doctor-injects-her-face-600x400.jpg 600w\" sizes=\"auto, (max-width: 2560px) 100vw, 2560px\" \/><\/div><div class=\"pt-2 pt-md-4\" ><h4>Botulinum Toxin<\/h4>\n<p>Botulinum toxin is a non-surgical treatment that helps to smooth wrinkles and lines of\nexpression by temporarily relaxing facial muscles.\nIt is also used in the management of\nchronic migraines, bruxism and excessive sweating in the armpits or palms.<\/p>\n<p>The procedure consists of applying micro-injections in specific areas, is fast (10 to 30\nminutes), does not require anesthesia and allows immediate return to activities.<\/p>\n<p>The results begin to be noticed between 3 and 5 days, reach their maximum effect in 2 weeks\nand usually last from 3 to 6 months.The result is smoother skin, a rejuvenated and\nnatural expression.<\/p>\n<p>When administered by a certified plastic surgeon, botulinum toxin is a\nsafe, effective treatment with high patient satisfaction.<\/p>\n<\/div><\/div><\/div>\n<\/div>","protected":false},"excerpt":{"rendered":"Horario de trabajo Lun-Vie 08:00 - 20:00Sabado 08:00 - 14:00 Informaci\u00f3n de contacto Telefono: 663 109 4861 info@novoplasticsurgeons.com Pregunta a los expertos Toxina Botul\u00ednica La toxina botul\u00ednica es un tratamiento no quir\u00fargico que ayuda a suavizar arrugas y l\u00edneas de expresi\u00f3n al relajar temporalmente los m\u00fasculos faciales. Tambi\u00e9n se utiliza en el manejo de migra\u00f1as <div class=\"btn-more-wrapper\"><a href=\"https:\/\/novoplasticsurgeons.com\/en\/botulinum-toxin\/\" class=\"btn btn-sm btn-hover-fill\"><svg class=\"icon icon-right-arrow\" version=\"1.1\" xmlns=\"http:\/\/www.w3.org\/2000\/svg\" width=\"32\" height=\"32\" viewbox=\"0 0 32 32\"><path d=\"M21.548 5.088c-0.436-0.451-1.162-0.451-1.613 0-0.436 0.436-0.436 1.162 0 1.596l8.177 8.177h-26.984c-0.629 0.001-1.129 0.501-1.129 1.13s0.5 1.145 1.129 1.145h26.984l-8.177 8.162c-0.436 0.451-0.436 1.178 0 1.613 0.451 0.451 1.178 0.451 1.613 0l10.113-10.113c0.451-0.436 0.451-1.162 0-1.596l-10.113-10.114z\"><\/path><\/svg>Read More<span class=\"screen-reader-text\"> \"Toxina Botul\u00ednica\"<\/span><svg class=\"icon icon-right-arrow\" version=\"1.1\" xmlns=\"http:\/\/www.w3.org\/2000\/svg\" width=\"32\" height=\"32\" viewbox=\"0 0 32 32\"><path d=\"M21.548 5.088c-0.436-0.451-1.162-0.451-1.613 0-0.436 0.436-0.436 1.162 0 1.596l8.177 8.177h-26.984c-0.629 0.001-1.129 0.501-1.129 1.13s0.5 1.145 1.129 1.145h26.984l-8.177 8.162c-0.436 0.451-0.436 1.178 0 1.613 0.451 0.451 1.178 0.451 1.613 0l10.113-10.113c0.451-0.436 0.451-1.162 0-1.596l-10.113-10.114z\"><\/path><\/svg><\/a><\/div>","protected":false},"author":1,"featured_media":0,"parent":0,"menu_order":0,"comment_status":"closed","ping_status":"closed","template":"","meta":{"_coblocks_attr":"","_coblocks_dimensions":"","_coblocks_responsive_height":"","_coblocks_accordion_ie_support":"","_monsterinsights_skip_tracking":false,"_monsterinsights_sitenote_active":false,"_monsterinsights_sitenote_note":"","_monsterinsights_sitenote_category":0,"footnotes":""},"class_list":["post-989","page","type-page","status-publish","hentry"],"yoast_head":"<!-- This site is optimized with the Yoast SEO plugin v27.4 - https:\/\/yoast.com\/product\/yoast-seo-wordpress\/ -->\n<title>Toxina Botul\u00ednica - Novo Plastic<\/title>\n<meta name=\"robots\" content=\"index, follow, max-snippet:-1, max-image-preview:large, max-video-preview:-1\" \/>\n<link rel=\"canonical\" href=\"https:\/\/novoplasticsurgeons.com\/en\/botulinum-toxin\/\" \/>\n<meta property=\"og:locale\" content=\"en_US\" \/>\n<meta property=\"og:type\" content=\"article\" \/>\n<meta property=\"og:title\" content=\"Toxina Botul\u00ednica - Novo Plastic\" \/>\n<meta property=\"og:url\" content=\"https:\/\/novoplasticsurgeons.com\/en\/botulinum-toxin\/\" \/>\n<meta property=\"og:site_name\" content=\"Novo Plastic\" \/>\n<meta property=\"article:modified_time\" content=\"2025-12-11T22:56:48+00:00\" \/>\n<meta name=\"twitter:card\" content=\"summary_large_image\" \/>\n<meta name=\"twitter:label1\" content=\"Est. reading time\" \/>\n\t<meta name=\"twitter:data1\" content=\"2 minutes\" \/>\n<script type=\"application\/ld+json\" class=\"yoast-schema-graph\">{\"@context\":\"https:\\\/\\\/schema.org\",\"@graph\":[{\"@type\":\"WebPage\",\"@id\":\"https:\\\/\\\/novoplasticsurgeons.com\\\/botulinum-toxin\\\/\",\"url\":\"https:\\\/\\\/novoplasticsurgeons.com\\\/botulinum-toxin\\\/\",\"name\":\"Toxina Botul\u00ednica - Novo Plastic\",\"isPartOf\":{\"@id\":\"https:\\\/\\\/novoplasticsurgeons.com\\\/es\\\/#website\"},\"datePublished\":\"2024-07-09T14:14:58+00:00\",\"dateModified\":\"2025-12-11T22:56:48+00:00\",\"breadcrumb\":{\"@id\":\"https:\\\/\\\/novoplasticsurgeons.com\\\/botulinum-toxin\\\/#breadcrumb\"},\"inLanguage\":\"en-US\",\"potentialAction\":[{\"@type\":\"ReadAction\",\"target\":[\"https:\\\/\\\/novoplasticsurgeons.com\\\/botulinum-toxin\\\/\"]}]},{\"@type\":\"BreadcrumbList\",\"@id\":\"https:\\\/\\\/novoplasticsurgeons.com\\\/botulinum-toxin\\\/#breadcrumb\",\"itemListElement\":[{\"@type\":\"ListItem\",\"position\":1,\"name\":\"Home\",\"item\":\"https:\\\/\\\/novoplasticsurgeons.com\\\/es\\\/\"},{\"@type\":\"ListItem\",\"position\":2,\"name\":\"Toxina Botul\u00ednica\"}]},{\"@type\":\"WebSite\",\"@id\":\"https:\\\/\\\/novoplasticsurgeons.com\\\/es\\\/#website\",\"url\":\"https:\\\/\\\/novoplasticsurgeons.com\\\/es\\\/\",\"name\":\"Novo Plastic\",\"description\":\"\",\"publisher\":{\"@id\":\"https:\\\/\\\/novoplasticsurgeons.com\\\/es\\\/#organization\"},\"potentialAction\":[{\"@type\":\"SearchAction\",\"target\":{\"@type\":\"EntryPoint\",\"urlTemplate\":\"https:\\\/\\\/novoplasticsurgeons.com\\\/es\\\/?s={search_term_string}\"},\"query-input\":{\"@type\":\"PropertyValueSpecification\",\"valueRequired\":true,\"valueName\":\"search_term_string\"}}],\"inLanguage\":\"en-US\"},{\"@type\":\"Organization\",\"@id\":\"https:\\\/\\\/novoplasticsurgeons.com\\\/es\\\/#organization\",\"name\":\"Novo Plastic\",\"url\":\"https:\\\/\\\/novoplasticsurgeons.com\\\/es\\\/\",\"logo\":{\"@type\":\"ImageObject\",\"inLanguage\":\"en-US\",\"@id\":\"https:\\\/\\\/novoplasticsurgeons.com\\\/es\\\/#\\\/schema\\\/logo\\\/image\\\/\",\"url\":\"https:\\\/\\\/novoplasticsurgeons.com\\\/wp-content\\\/uploads\\\/2024\\\/06\\\/cropped-IMG_9286.png\",\"contentUrl\":\"https:\\\/\\\/novoplasticsurgeons.com\\\/wp-content\\\/uploads\\\/2024\\\/06\\\/cropped-IMG_9286.png\",\"width\":6887,\"height\":2287,\"caption\":\"Novo Plastic\"},\"image\":{\"@id\":\"https:\\\/\\\/novoplasticsurgeons.com\\\/es\\\/#\\\/schema\\\/logo\\\/image\\\/\"}}]}<\/script>\n<!-- \/ Yoast SEO plugin. -->","yoast_head_json":{"title":"Toxina Botul\u00ednica - Novo Plastic","robots":{"index":"index","follow":"follow","max-snippet":"max-snippet:-1","max-image-preview":"max-image-preview:large","max-video-preview":"max-video-preview:-1"},"canonical":"https:\/\/novoplasticsurgeons.com\/en\/botulinum-toxin\/","og_locale":"en_US","og_type":"article","og_title":"Toxina Botul\u00ednica - Novo Plastic","og_url":"https:\/\/novoplasticsurgeons.com\/en\/botulinum-toxin\/","og_site_name":"Novo Plastic","article_modified_time":"2025-12-11T22:56:48+00:00","twitter_card":"summary_large_image","twitter_misc":{"Est. reading time":"2 minutes"},"schema":{"@context":"https:\/\/schema.org","@graph":[{"@type":"WebPage","@id":"https:\/\/novoplasticsurgeons.com\/botulinum-toxin\/","url":"https:\/\/novoplasticsurgeons.com\/botulinum-toxin\/","name":"Toxina Botul\u00ednica - Novo Plastic","isPartOf":{"@id":"https:\/\/novoplasticsurgeons.com\/es\/#website"},"datePublished":"2024-07-09T14:14:58+00:00","dateModified":"2025-12-11T22:56:48+00:00","breadcrumb":{"@id":"https:\/\/novoplasticsurgeons.com\/botulinum-toxin\/#breadcrumb"},"inLanguage":"en-US","potentialAction":[{"@type":"ReadAction","target":["https:\/\/novoplasticsurgeons.com\/botulinum-toxin\/"]}]},{"@type":"BreadcrumbList","@id":"https:\/\/novoplasticsurgeons.com\/botulinum-toxin\/#breadcrumb","itemListElement":[{"@type":"ListItem","position":1,"name":"Home","item":"https:\/\/novoplasticsurgeons.com\/es\/"},{"@type":"ListItem","position":2,"name":"Toxina Botul\u00ednica"}]},{"@type":"WebSite","@id":"https:\/\/novoplasticsurgeons.com\/es\/#website","url":"https:\/\/novoplasticsurgeons.com\/es\/","name":"Novo Plastic","description":"","publisher":{"@id":"https:\/\/novoplasticsurgeons.com\/es\/#organization"},"potentialAction":[{"@type":"SearchAction","target":{"@type":"EntryPoint","urlTemplate":"https:\/\/novoplasticsurgeons.com\/es\/?s={search_term_string}"},"query-input":{"@type":"PropertyValueSpecification","valueRequired":true,"valueName":"search_term_string"}}],"inLanguage":"en-US"},{"@type":"Organization","@id":"https:\/\/novoplasticsurgeons.com\/es\/#organization","name":"Novo Plastic","url":"https:\/\/novoplasticsurgeons.com\/es\/","logo":{"@type":"ImageObject","inLanguage":"en-US","@id":"https:\/\/novoplasticsurgeons.com\/es\/#\/schema\/logo\/image\/","url":"https:\/\/novoplasticsurgeons.com\/wp-content\/uploads\/2024\/06\/cropped-IMG_9286.png","contentUrl":"https:\/\/novoplasticsurgeons.com\/wp-content\/uploads\/2024\/06\/cropped-IMG_9286.png","width":6887,"height":2287,"caption":"Novo Plastic"},"image":{"@id":"https:\/\/novoplasticsurgeons.com\/es\/#\/schema\/logo\/image\/"}}]}},"_links":{"self":[{"href":"https:\/\/novoplasticsurgeons.com\/en\/wp-json\/wp\/v2\/pages\/989","targetHints":{"allow":["GET"]}}],"collection":[{"href":"https:\/\/novoplasticsurgeons.com\/en\/wp-json\/wp\/v2\/pages"}],"about":[{"href":"https:\/\/novoplasticsurgeons.com\/en\/wp-json\/wp\/v2\/types\/page"}],"author":[{"embeddable":true,"href":"https:\/\/novoplasticsurgeons.com\/en\/wp-json\/wp\/v2\/users\/1"}],"replies":[{"embeddable":true,"href":"https:\/\/novoplasticsurgeons.com\/en\/wp-json\/wp\/v2\/comments?post=989"}],"version-history":[{"count":11,"href":"https:\/\/novoplasticsurgeons.com\/en\/wp-json\/wp\/v2\/pages\/989\/revisions"}],"predecessor-version":[{"id":2105,"href":"https:\/\/novoplasticsurgeons.com\/en\/wp-json\/wp\/v2\/pages\/989\/revisions\/2105"}],"wp:attachment":[{"href":"https:\/\/novoplasticsurgeons.com\/en\/wp-json\/wp\/v2\/media?parent=989"}],"curies":[{"name":"wp","href":"https:\/\/api.w.org\/{rel}","templated":true}]}}