{"id":413,"date":"2024-06-04T16:44:49","date_gmt":"2024-06-04T16:44:49","guid":{"rendered":"https:\/\/novoplasticsurgeons.com\/contacts\/"},"modified":"2025-12-10T23:29:23","modified_gmt":"2025-12-10T23:29:23","slug":"contacts","status":"publish","type":"page","link":"https:\/\/novoplasticsurgeons.com\/en\/contacts\/","title":{"rendered":"Contact us"},"content":{"rendered":"<div class=\"wpb-content-wrapper\"><div class=\"tt-shortcode_vc_row 8 section mt-0 googlemap__contact\" ><div class=\"wpb_gmaps_widget wpb_content_element contact-map\"><div class=\"wpb_wrapper\"><div class=\"wpb_map_wraper\"><iframe loading=\"lazy\" src=\"https:\/\/www.google.com\/maps\/embed?pb=!1m14!1m8!1m3!1d13455.02480015474!2d-117.0153884!3d32.5326578!3m2!1i1024!2i768!4f13.1!3m3!1m2!1s0x80d94958944d9c67%3A0x1d12fba54673ee22!2sTorre%20Norte%202!5e0!3m2!1sen!2smx!4v1721849402463!5m2!1sen!2smx\" width=\"600\" height=\"450\" frameborder=\"0\" style=\"border:0\" allowfullscreen><\/iframe><\/div><\/div><\/div><\/div><div  class=\"tt-shortcode_vc_row 8 section mt-0 bg-grey\" ><div class=\"tt-shortcode_vc_clmn container\"><div class=\"row\" ><div class=\"shortcode_vc_clmn_inner col-md\"><div class=\"title-wrap\"><h5 style=\"text-align: left\" class=\"vc_custom_heading pt-0\" >Clinic Location<\/h5><div class=\"h-decor\"><\/div>\n<\/div><ul class=\"icn-list-lg\">\n<li><span style=\"vertical-align: inherit;\"><span style=\"vertical-align: inherit;\"><svg class=\"icon icon-placeholder-for-map-1\" version=\"1.1\" xmlns=\"http:\/\/www.w3.org\/2000\/svg\" width=\"32\" height=\"32\" viewbox=\"0 0 32 32\"><path d=\"M16.404 0.007c-6.499-0.219-11.835 4.984-11.835 11.433 0 7.319 7.024 12.631 10.96 20.269 0.2 0.388 0.758 0.388 0.959 0.001 3.561-6.873 9.648-11.482 10.776-18.104 1.168-6.852-3.913-13.364-10.86-13.599zM16.008 17.431c-3.309 0-5.992-2.683-5.992-5.992s2.683-5.992 5.992-5.992c3.309 0 5.992 2.683 5.992 5.992s-2.683 5.992-5.992 5.992z\"><\/path><\/svg>Fray Servando Teresa de Mier 1351, Int. 110, Zona Urbana Rio Tijuana, 22010 Tijuana, B.C.<\/span><\/span><\/li>\n<\/ul>\n<\/div><div class=\"shortcode_vc_clmn_inner col-md mt-3 mt-md-0\"><div class=\"title-wrap\"><h5 style=\"text-align: left\" class=\"vc_custom_heading pt-0\" >Contact Information<\/h5><div class=\"h-decor\"><\/div>\n<\/div><ul class=\"icn-list-lg\">\n<li><span style=\"vertical-align: inherit;\"><span style=\"vertical-align: inherit;\"><svg class=\"icon icon-telephone-1\" version=\"1.1\" xmlns=\"http:\/\/www.w3.org\/2000\/svg\" width=\"32\" height=\"32\" viewbox=\"0 0 32 32\"><path d=\"M23.467 19.2c-2.133 2.133-2.133 4.267-4.267 4.267s-4.267-2.133-6.4-4.267c-2.133-2.133-4.267-4.267-4.267-6.4s2.133-2.133 4.267-4.267-4.267-8.533-6.4-8.533-6.4 6.4-6.4 6.4c0 4.267 4.383 12.917 8.533 17.067s12.8 8.533 17.067 8.533c0 0 6.4-4.267 6.4-6.4s-6.4-8.533-8.533-6.4z\"><\/path><\/svg>Phone: +52 663 109 4861<\/span><\/span><\/li>\n<li><span style=\"vertical-align: inherit;\"><span style=\"vertical-align: inherit;\"> info@novoplasticsurgeons.com<\/span><\/span><\/li>\n<\/ul>\n<\/div><div class=\"shortcode_vc_clmn_inner col-md mt-3 mt-md-0\"><div class=\"title-wrap\"><h5 style=\"text-align: left\" class=\"vc_custom_heading pt-0\" >Hours of operation<\/h5><div class=\"h-decor\"><\/div>\n<\/div><ul class=\"icn-list-lg\">\n<li><svg class=\"icon icon-icon-3\" version=\"1.1\" xmlns=\"http:\/\/www.w3.org\/2000\/svg\" width=\"32\" height=\"32\" viewbox=\"0 0 32 32\"><path d=\"M16.001 0c-8.837 0-16.001 7.166-16.001 16.003 0 8.833 7.164 15.997 16.001 15.997 8.836 0 15.998-7.164 15.998-15.997 0-8.837-7.162-16.003-15.998-16.003zM16.001 27.14c-6.144 0-11.143-4.997-11.143-11.138 0-6.148 5-11.147 11.143-11.147 6.145 0 11.14 5.001 11.14 11.147 0 6.142-4.997 11.138-11.14 11.138z\"><\/path><path d=\"M17.377 15.12l0.001-6.177c0-0.759-0.615-1.373-1.377-1.373-0.763 0-1.38 0.613-1.38 1.373v8.933h8.934c0.757 0 1.376-0.615 1.376-1.377 0-0.763-0.618-1.379-1.376-1.379 0.001 0-6.178 0-6.178 0z\"><\/path><\/svg>\n<div>\n<div class=\"d-flex\">Mon-Fri <span class=\"ml-auto theme-color\">08:00 &#8211; 20:00<\/span><\/div>\n<div class=\"d-flex\">Saturday <span class=\"ml-auto theme-color\">08:00 &#8211; 14:00<\/span><\/div>\n<\/div>\n<\/li>\n<\/ul>\n<\/div><\/div><\/div><\/div><div  class=\"tt-shortcode_vc_row 8 section vc_custom_1719558200059 vc_column-gap-5\" ><div class=\"tt-shortcode_vc_clmn container vc_custom_1719558157189\"><div class=\"row\" ><div class=\"shortcode_vc_clmn_inner col-md col-lg-5\"><div class=\"rs_inner_block pr-0 pr-lg-8\"><div class=\"title-wrap\"><h2 style=\"text-align: left\" class=\"vc_custom_heading\" >CONTACT US<\/h2><div class=\"h-decor\"><\/div>\n<\/div><div class=\"shortcode_vc_text   mt-3 tt_pt_3\" ><p class=\"p-sm\"><b>Fields marked with an * are mandatory\u00a0<\/b><\/p>\n<div id=\"gtx-trans\" style=\"position: absolute; left: 27px; top: -3px;\">\n<div class=\"gtx-trans-icon\"><\/div>\n<\/div>\n<\/div><div class=\"shortcode_vc_text   mt-6\" ><\/div><div class=\"title-wrap\"><h5 style=\"text-align: left\" class=\"vc_custom_heading\" >Stay Connected<\/h5><\/div><div class=\"content-social mt-3\">\n<p><a title=\"\"  href=\"https:\/\/www.facebook.com\/Novoplasticsurgeons\/\" class=\"hovicon\"><svg class=\"icon icon-facebook-logo\" version=\"1.1\" xmlns=\"http:\/\/www.w3.org\/2000\/svg\" width=\"33\" height=\"32\" viewbox=\"0 0 33 32\"><path d=\"M24.249 0.506l-4.020-0.006c-4.516 0-7.435 2.994-7.435 7.629v3.518h-4.042c-0.349 0-0.632 0.283-0.632 0.632v5.097c0 0.349 0.283 0.632 0.632 0.632h4.042v12.86c0 0.349 0.283 0.632 0.632 0.632h5.274c0.349 0 0.632-0.283 0.632-0.632v-12.86h4.726c0.349 0 0.632-0.283 0.632-0.632l0.002-5.097c0-0.168-0.067-0.328-0.185-0.447s-0.28-0.185-0.447-0.185h-4.728v-2.982c0-1.433 0.342-2.161 2.209-2.161l2.708-0.001c0.349 0 0.632-0.283 0.632-0.632v-4.732c0-0.349-0.282-0.631-0.631-0.632z\"><\/path><\/svg><\/a><a title=\"\"  href=\"https:\/\/www.instagram.com\/novoplasticsurgeons\/\" ><svg class=\"icon icon-instagram\" version=\"1.1\" xmlns=\"http:\/\/www.w3.org\/2000\/svg\" width=\"32\" height=\"32\" viewbox=\"0 0 32 32\"><path d=\"M5.038 1.251h21.926c2.083 0 3.786 1.704 3.786 3.787v21.926c0 2.082-1.703 3.785-3.786 3.785h-21.926c-2.083 0-3.788-1.703-3.788-3.785v-21.926c0-2.083 1.705-3.787 3.788-3.787zM22.74 4.527c-0.731 0-1.328 0.599-1.328 1.33v3.177c0 0.731 0.597 1.329 1.328 1.329h3.334c0.73 0 1.328-0.598 1.328-1.329v-3.177c0-0.731-0.598-1.33-1.328-1.33h-3.334zM27.415 13.725h-2.596c0.246 0.804 0.38 1.652 0.38 2.533 0 4.905-4.107 8.883-9.171 8.883-5.063 0-9.17-3.978-9.17-8.883 0-0.881 0.135-1.729 0.38-2.533h-2.708v12.462c0 0.645 0.527 1.17 1.172 1.17h20.542c0.645 0 1.171-0.525 1.171-1.17v-12.462zM16.028 10.196c-3.271 0-5.924 2.569-5.924 5.742 0 3.169 2.653 5.74 5.924 5.74 3.272 0 5.925-2.571 5.925-5.74 0-3.172-2.653-5.742-5.925-5.742z\"><\/path><\/svg><\/a><\/p>\n<p>&nbsp;<\/p>\n<\/div>\n<\/div><\/div><div class=\"shortcode_vc_clmn_inner col-md col-lg-6 mt-4 mt-md-0\">\n<div class=\"wpcf7 no-js\" id=\"wpcf7-f244-o1\" lang=\"en-US\" dir=\"ltr\" data-wpcf7-id=\"244\">\n<div class=\"screen-reader-response\"><p role=\"status\" aria-live=\"polite\" aria-atomic=\"true\"><\/p> <ul><\/ul><\/div>\n<form action=\"\/en\/wp-json\/wp\/v2\/pages\/413#wpcf7-f244-o1\" method=\"post\" class=\"wpcf7-form init\" aria-label=\"Contact form\" novalidate=\"novalidate\" data-status=\"init\" data-trp-original-action=\"\/en\/wp-json\/wp\/v2\/pages\/413#wpcf7-f244-o1\">\n<fieldset class=\"hidden-fields-container\"><input type=\"hidden\" name=\"_wpcf7\" value=\"244\" \/><input type=\"hidden\" name=\"_wpcf7_version\" value=\"6.1.5\" \/><input type=\"hidden\" name=\"_wpcf7_locale\" value=\"en_US\" \/><input type=\"hidden\" name=\"_wpcf7_unit_tag\" value=\"wpcf7-f244-o1\" \/><input type=\"hidden\" name=\"_wpcf7_container_post\" value=\"0\" \/><input type=\"hidden\" name=\"_wpcf7_posted_data_hash\" value=\"\" \/>\n<\/fieldset>\n<div class=\"contact-form contact7__custom-form\" id=\"contactForm\">\n\t<div class=\"pr-0\">\n\t\t<div>\n\t\t\t<p><span class=\"wpcf7-form-control-wrap\" data-name=\"text-674\"><input size=\"40\" maxlength=\"400\" class=\"wpcf7-form-control wpcf7-text wpcf7-validates-as-required form-control\" aria-required=\"true\" aria-invalid=\"false\" placeholder=\"Your name*\" value=\"\" type=\"text\" name=\"text-674\" \/><\/span>\n\t\t\t<\/p>\n\t\t<\/div>\n\t\t<div class=\"mt-15\">\n\t\t\t<p><span class=\"wpcf7-form-control-wrap\" data-name=\"your-email\"><input size=\"40\" maxlength=\"400\" class=\"wpcf7-form-control wpcf7-email wpcf7-validates-as-required wpcf7-text wpcf7-validates-as-email form-control\" aria-required=\"true\" aria-invalid=\"false\" placeholder=\"Your email*\" value=\"\" type=\"email\" name=\"your-email\" \/><\/span>\n\t\t\t<\/p>\n\t\t<\/div>\n\t\t<div class=\"mt-15\">\n\t\t\t<p><span class=\"wpcf7-form-control-wrap\" data-name=\"tel-968\"><input size=\"40\" maxlength=\"400\" class=\"wpcf7-form-control wpcf7-tel wpcf7-text wpcf7-validates-as-tel form-control\" aria-invalid=\"false\" placeholder=\"Your phone\" value=\"\" type=\"tel\" name=\"tel-968\" \/><\/span>\n\t\t\t<\/p>\n\t\t<\/div>\n\t<\/div>\n\t<div class=\"mt-15\">\n\t\t<p><span class=\"wpcf7-form-control-wrap\" data-name=\"textarea-257\"><textarea cols=\"40\" rows=\"10\" maxlength=\"2000\" class=\"wpcf7-form-control wpcf7-textarea form-control\" aria-invalid=\"false\" placeholder=\"Message*\" name=\"textarea-257\"><\/textarea><\/span>\n\t\t<\/p>\n\t<\/div>\n\t<div class=\"mt-4\">\n\t\t<p><input class=\"wpcf7-form-control wpcf7-submit has-spinner btn\" type=\"submit\" value=\"Send message\" \/>\n\t\t<\/p>\n\t<\/div>\n<\/div><div class=\"wpcf7-response-output\" aria-hidden=\"true\"><\/div>\n<input type=\"hidden\" name=\"trp-form-language\" value=\"en\"\/><\/form>\n<\/div>\n<\/div><\/div><\/div><\/div><div class=\"tt-shortcode_vc_row 8 vc_row wpb_row vc_row-fluid\"><div class=\"wpb_column vc_column_container vc_col-sm-12\"><div class=\"tt-shortcode_vc_clmn vc_column-inner vc_custom_1719559119577\"><div class=\"wpb_wrapper\">\n\t<div  class=\"wpb_single_image wpb_content_element vc_align_center   edificio-jov\">\n\t\t\n\t\t<figure class=\"wpb_wrapper vc_figure\">\n\t\t\t<img decoding=\"async\" class=\"vc_single_image-img edificio-jov\" src=\"https:\/\/novoplasticsurgeons.com\/wp-content\/uploads\/2024\/10\/FOTO-TORRE-NORTE-2.jpg\" width=\"384\" height=\"510\" alt=\"FOTO TORRE NORTE 2\" title=\"FOTO TORRE NORTE 2\" loading=\"lazy\" \/>\n\t\t<\/figure>\n\t<\/div>\n<\/div><\/div><\/div><\/div>\n<\/div>","protected":false},"excerpt":{"rendered":"Ubicaci\u00f3n de la cl\u00ednica Fray Servando Teresa de Mier 1351, Int. 110, Zona Urbana Rio Tijuana, 22010 Tijuana, B.C. Informaci\u00f3n de contacto Tel\u00e9fono:+52 663 109 4861 info@novoplasticsurgeons.com Horario de atenci\u00f3n Lun-Vie 08:00 - 20:00 S\u00e1bado 08:00 - 14:00 CONT\u00c1CTANOS Los campos marcados con un * son obligatorios.\u00a0 Mantente Conectado &nbsp;","protected":false},"author":1,"featured_media":0,"parent":0,"menu_order":11,"comment_status":"closed","ping_status":"closed","template":"custompagett.php","meta":{"_coblocks_attr":"","_coblocks_dimensions":"","_coblocks_responsive_height":"","_coblocks_accordion_ie_support":"","_monsterinsights_skip_tracking":false,"_monsterinsights_sitenote_active":false,"_monsterinsights_sitenote_note":"","_monsterinsights_sitenote_category":0,"footnotes":""},"class_list":["post-413","page","type-page","status-publish","hentry"],"yoast_head":"<!-- This site is optimized with the Yoast SEO plugin v27.4 - https:\/\/yoast.com\/product\/yoast-seo-wordpress\/ -->\n<title>Nuestros contactos - Novo Plastic<\/title>\n<meta name=\"robots\" content=\"index, follow, max-snippet:-1, max-image-preview:large, max-video-preview:-1\" \/>\n<link rel=\"canonical\" href=\"https:\/\/novoplasticsurgeons.com\/en\/contacts\/\" \/>\n<meta property=\"og:locale\" content=\"en_US\" \/>\n<meta property=\"og:type\" content=\"article\" \/>\n<meta property=\"og:title\" content=\"Nuestros contactos - Novo Plastic\" \/>\n<meta property=\"og:url\" content=\"https:\/\/novoplasticsurgeons.com\/en\/contacts\/\" \/>\n<meta property=\"og:site_name\" content=\"Novo Plastic\" \/>\n<meta property=\"article:modified_time\" content=\"2025-12-10T23:29:23+00:00\" \/>\n<meta name=\"twitter:card\" content=\"summary_large_image\" \/>\n<meta name=\"twitter:label1\" content=\"Est. reading time\" \/>\n\t<meta name=\"twitter:data1\" content=\"1 minute\" \/>\n<script type=\"application\/ld+json\" class=\"yoast-schema-graph\">{\"@context\":\"https:\\\/\\\/schema.org\",\"@graph\":[{\"@type\":\"WebPage\",\"@id\":\"https:\\\/\\\/novoplasticsurgeons.com\\\/contacts\\\/\",\"url\":\"https:\\\/\\\/novoplasticsurgeons.com\\\/contacts\\\/\",\"name\":\"Nuestros contactos - Novo Plastic\",\"isPartOf\":{\"@id\":\"https:\\\/\\\/novoplasticsurgeons.com\\\/es\\\/#website\"},\"datePublished\":\"2024-06-04T16:44:49+00:00\",\"dateModified\":\"2025-12-10T23:29:23+00:00\",\"breadcrumb\":{\"@id\":\"https:\\\/\\\/novoplasticsurgeons.com\\\/contacts\\\/#breadcrumb\"},\"inLanguage\":\"en-US\",\"potentialAction\":[{\"@type\":\"ReadAction\",\"target\":[\"https:\\\/\\\/novoplasticsurgeons.com\\\/contacts\\\/\"]}]},{\"@type\":\"BreadcrumbList\",\"@id\":\"https:\\\/\\\/novoplasticsurgeons.com\\\/contacts\\\/#breadcrumb\",\"itemListElement\":[{\"@type\":\"ListItem\",\"position\":1,\"name\":\"Home\",\"item\":\"https:\\\/\\\/novoplasticsurgeons.com\\\/es\\\/\"},{\"@type\":\"ListItem\",\"position\":2,\"name\":\"Nuestros contactos\"}]},{\"@type\":\"WebSite\",\"@id\":\"https:\\\/\\\/novoplasticsurgeons.com\\\/es\\\/#website\",\"url\":\"https:\\\/\\\/novoplasticsurgeons.com\\\/es\\\/\",\"name\":\"Novo Plastic\",\"description\":\"\",\"publisher\":{\"@id\":\"https:\\\/\\\/novoplasticsurgeons.com\\\/es\\\/#organization\"},\"potentialAction\":[{\"@type\":\"SearchAction\",\"target\":{\"@type\":\"EntryPoint\",\"urlTemplate\":\"https:\\\/\\\/novoplasticsurgeons.com\\\/es\\\/?s={search_term_string}\"},\"query-input\":{\"@type\":\"PropertyValueSpecification\",\"valueRequired\":true,\"valueName\":\"search_term_string\"}}],\"inLanguage\":\"en-US\"},{\"@type\":\"Organization\",\"@id\":\"https:\\\/\\\/novoplasticsurgeons.com\\\/es\\\/#organization\",\"name\":\"Novo Plastic\",\"url\":\"https:\\\/\\\/novoplasticsurgeons.com\\\/es\\\/\",\"logo\":{\"@type\":\"ImageObject\",\"inLanguage\":\"en-US\",\"@id\":\"https:\\\/\\\/novoplasticsurgeons.com\\\/es\\\/#\\\/schema\\\/logo\\\/image\\\/\",\"url\":\"https:\\\/\\\/novoplasticsurgeons.com\\\/wp-content\\\/uploads\\\/2024\\\/06\\\/cropped-IMG_9286.png\",\"contentUrl\":\"https:\\\/\\\/novoplasticsurgeons.com\\\/wp-content\\\/uploads\\\/2024\\\/06\\\/cropped-IMG_9286.png\",\"width\":6887,\"height\":2287,\"caption\":\"Novo Plastic\"},\"image\":{\"@id\":\"https:\\\/\\\/novoplasticsurgeons.com\\\/es\\\/#\\\/schema\\\/logo\\\/image\\\/\"}}]}<\/script>\n<!-- \/ Yoast SEO plugin. -->","yoast_head_json":{"title":"Nuestros contactos - Novo Plastic","robots":{"index":"index","follow":"follow","max-snippet":"max-snippet:-1","max-image-preview":"max-image-preview:large","max-video-preview":"max-video-preview:-1"},"canonical":"https:\/\/novoplasticsurgeons.com\/en\/contacts\/","og_locale":"en_US","og_type":"article","og_title":"Nuestros contactos - Novo Plastic","og_url":"https:\/\/novoplasticsurgeons.com\/en\/contacts\/","og_site_name":"Novo Plastic","article_modified_time":"2025-12-10T23:29:23+00:00","twitter_card":"summary_large_image","twitter_misc":{"Est. reading time":"1 minute"},"schema":{"@context":"https:\/\/schema.org","@graph":[{"@type":"WebPage","@id":"https:\/\/novoplasticsurgeons.com\/contacts\/","url":"https:\/\/novoplasticsurgeons.com\/contacts\/","name":"Nuestros contactos - Novo Plastic","isPartOf":{"@id":"https:\/\/novoplasticsurgeons.com\/es\/#website"},"datePublished":"2024-06-04T16:44:49+00:00","dateModified":"2025-12-10T23:29:23+00:00","breadcrumb":{"@id":"https:\/\/novoplasticsurgeons.com\/contacts\/#breadcrumb"},"inLanguage":"en-US","potentialAction":[{"@type":"ReadAction","target":["https:\/\/novoplasticsurgeons.com\/contacts\/"]}]},{"@type":"BreadcrumbList","@id":"https:\/\/novoplasticsurgeons.com\/contacts\/#breadcrumb","itemListElement":[{"@type":"ListItem","position":1,"name":"Home","item":"https:\/\/novoplasticsurgeons.com\/es\/"},{"@type":"ListItem","position":2,"name":"Nuestros contactos"}]},{"@type":"WebSite","@id":"https:\/\/novoplasticsurgeons.com\/es\/#website","url":"https:\/\/novoplasticsurgeons.com\/es\/","name":"Novo Plastic","description":"","publisher":{"@id":"https:\/\/novoplasticsurgeons.com\/es\/#organization"},"potentialAction":[{"@type":"SearchAction","target":{"@type":"EntryPoint","urlTemplate":"https:\/\/novoplasticsurgeons.com\/es\/?s={search_term_string}"},"query-input":{"@type":"PropertyValueSpecification","valueRequired":true,"valueName":"search_term_string"}}],"inLanguage":"en-US"},{"@type":"Organization","@id":"https:\/\/novoplasticsurgeons.com\/es\/#organization","name":"Novo Plastic","url":"https:\/\/novoplasticsurgeons.com\/es\/","logo":{"@type":"ImageObject","inLanguage":"en-US","@id":"https:\/\/novoplasticsurgeons.com\/es\/#\/schema\/logo\/image\/","url":"https:\/\/novoplasticsurgeons.com\/wp-content\/uploads\/2024\/06\/cropped-IMG_9286.png","contentUrl":"https:\/\/novoplasticsurgeons.com\/wp-content\/uploads\/2024\/06\/cropped-IMG_9286.png","width":6887,"height":2287,"caption":"Novo Plastic"},"image":{"@id":"https:\/\/novoplasticsurgeons.com\/es\/#\/schema\/logo\/image\/"}}]}},"_links":{"self":[{"href":"https:\/\/novoplasticsurgeons.com\/en\/wp-json\/wp\/v2\/pages\/413","targetHints":{"allow":["GET"]}}],"collection":[{"href":"https:\/\/novoplasticsurgeons.com\/en\/wp-json\/wp\/v2\/pages"}],"about":[{"href":"https:\/\/novoplasticsurgeons.com\/en\/wp-json\/wp\/v2\/types\/page"}],"author":[{"embeddable":true,"href":"https:\/\/novoplasticsurgeons.com\/en\/wp-json\/wp\/v2\/users\/1"}],"replies":[{"embeddable":true,"href":"https:\/\/novoplasticsurgeons.com\/en\/wp-json\/wp\/v2\/comments?post=413"}],"version-history":[{"count":36,"href":"https:\/\/novoplasticsurgeons.com\/en\/wp-json\/wp\/v2\/pages\/413\/revisions"}],"predecessor-version":[{"id":2087,"href":"https:\/\/novoplasticsurgeons.com\/en\/wp-json\/wp\/v2\/pages\/413\/revisions\/2087"}],"wp:attachment":[{"href":"https:\/\/novoplasticsurgeons.com\/en\/wp-json\/wp\/v2\/media?parent=413"}],"curies":[{"name":"wp","href":"https:\/\/api.w.org\/{rel}","templated":true}]}}