{"id":406,"date":"2024-06-04T16:44:47","date_gmt":"2024-06-04T16:44:47","guid":{"rendered":"https:\/\/novoplasticsurgeons.com\/gallery\/"},"modified":"2026-02-20T16:52:31","modified_gmt":"2026-02-20T16:52:31","slug":"before-after","status":"publish","type":"page","link":"https:\/\/novoplasticsurgeons.com\/en\/before-after\/","title":{"rendered":"Patient results gallery"},"content":{"rendered":"<div class=\"wpb-content-wrapper\"><div class=\"tt-shortcode_vc_clmn container\"><div class=\"text-center mb-4 tt_pt_34\"><p style=\"text-align: center\" class=\"vc_custom_heading\" ><\/p><\/div><\/div><div class=\"tt-shortcode_vc_clmn container\"><div class=\"filters-by-category mt-2 mt-md-4\"><ul class=\"option-set justify-content-center\" data-option-key=\"filter\"><li><a href=\"#filter\" data-option-value=\"*\" class=\"selected\">All<\/a><\/li><li><a href=\"#filter\" data-option-value=\".category1\">Breast Augmentation<\/a><\/li><li><a href=\"#filter\" data-option-value=\".category2\">Otoplasty<\/a><\/li><li><a href=\"#filter\" data-option-value=\".category3\">Abdominoplasty<\/a><\/li><li><a href=\"#filter\" data-option-value=\".category4\">Breast reduction<\/a><\/li><li><a href=\"#filter\" data-option-value=\".category5\">Mastopexy without implants<\/a><\/li><li><a href=\"#filter\" data-option-value=\".category6\">Neck liposuction<\/a><\/li><li><a href=\"#filter\" data-option-value=\".category7\">Blepharoplasty<\/a><\/li><li><a href=\"#filter\" data-option-value=\".category8\">Rhytidoplasty<\/a><\/li><li><a href=\"#filter\" data-option-value=\".category9\">Brachioplasty<\/a><\/li><\/ul><\/div><div class=\"gallery-wrap mt-2 mt-md-4\"><div class=\"loading-content\"><div class=\"inner-circles-loader\"><\/div>\n<\/div><div class=\"gallery-smiles gallery-isotope\" id=\"gallery\"><div class=\"gallery-item one-category category1\"><div class=\"twentytwenty-container\"><img decoding=\"async\" src=\"https:\/\/novoplasticsurgeons.com\/wp-content\/uploads\/2025\/12\/Diseno-sin-titulo-1-1-1024x1024.png\" alt=\"\" \/><img decoding=\"async\" src=\"https:\/\/novoplasticsurgeons.com\/wp-content\/uploads\/2025\/12\/Mama-Aumento-2-A-3-1024x1024.png\" alt=\"\" \/><\/div><\/div><div class=\"gallery-item one-category category1\"><div class=\"twentytwenty-container\"><img decoding=\"async\" src=\"https:\/\/novoplasticsurgeons.com\/wp-content\/uploads\/2025\/09\/Mama-Aumento-B-2-1024x1024.png\" alt=\"\" \/><img decoding=\"async\" src=\"https:\/\/novoplasticsurgeons.com\/wp-content\/uploads\/2025\/09\/Mama-Aumento-A-2-1024x1024.png\" alt=\"\" \/><\/div><\/div><div class=\"gallery-item one-category category2\"><div class=\"twentytwenty-container\"><img decoding=\"async\" src=\"https:\/\/novoplasticsurgeons.com\/wp-content\/uploads\/2026\/02\/Otoplastia-B-1024x1024.png\" alt=\"\" \/><img decoding=\"async\" src=\"https:\/\/novoplasticsurgeons.com\/wp-content\/uploads\/2025\/09\/Diseno-sin-titulo-6-1024x1024.png\" alt=\"\" \/><\/div><\/div><div class=\"gallery-item one-category category3\"><div class=\"twentytwenty-container\"><img decoding=\"async\" src=\"https:\/\/novoplasticsurgeons.com\/wp-content\/uploads\/2025\/09\/Diseno-sin-titulo-1-1024x1024.png\" alt=\"\" \/><img decoding=\"async\" src=\"https:\/\/novoplasticsurgeons.com\/wp-content\/uploads\/2025\/09\/Diseno-sin-titulo-1024x1024.png\" alt=\"\" \/><\/div><\/div><div class=\"gallery-item one-category category3\"><div class=\"twentytwenty-container\"><img decoding=\"async\" src=\"https:\/\/novoplasticsurgeons.com\/wp-content\/uploads\/2025\/09\/Diseno-sin-titulo-2-1-1024x1024.png\" alt=\"\" \/><img decoding=\"async\" src=\"https:\/\/novoplasticsurgeons.com\/wp-content\/uploads\/2025\/09\/Diseno-sin-titulo-3-1024x1024.png\" alt=\"\" \/><\/div><\/div><div class=\"gallery-item one-category category4\"><div class=\"twentytwenty-container\"><img decoding=\"async\" src=\"https:\/\/novoplasticsurgeons.com\/wp-content\/uploads\/2025\/09\/Photoroom_20250626_214056-1024x1024.jpeg\" alt=\"\" \/><img decoding=\"async\" src=\"https:\/\/novoplasticsurgeons.com\/wp-content\/uploads\/2025\/09\/Photoroom_20250626_214042-1024x1024.jpeg\" alt=\"\" \/><\/div><\/div><div class=\"gallery-item one-category category4\"><div class=\"twentytwenty-container\"><img decoding=\"async\" src=\"https:\/\/novoplasticsurgeons.com\/wp-content\/uploads\/2025\/04\/Braquioplastia-antes-1024x1024.jpg\" alt=\"\" \/><img decoding=\"async\" src=\"https:\/\/novoplasticsurgeons.com\/wp-content\/uploads\/2025\/04\/Braquioplastia-despues-1024x1024.jpg\" alt=\"\" \/><\/div><\/div><div class=\"gallery-item one-category category4\"><div class=\"twentytwenty-container\"><img decoding=\"async\" src=\"https:\/\/novoplasticsurgeons.com\/wp-content\/uploads\/2025\/04\/Mastopexia-sin-implantes-antes-1024x1024.jpg\" alt=\"\" \/><img decoding=\"async\" src=\"https:\/\/novoplasticsurgeons.com\/wp-content\/uploads\/2025\/04\/Mastopexia-sin-implantes-despues-1024x1024.jpg\" alt=\"\" \/><\/div><\/div><div class=\"gallery-item one-category category4\"><div class=\"twentytwenty-container\"><img decoding=\"async\" src=\"https:\/\/novoplasticsurgeons.com\/wp-content\/uploads\/2025\/04\/Reduccion-mamaria-antes-1024x1024.jpg\" alt=\"\" \/><img decoding=\"async\" src=\"https:\/\/novoplasticsurgeons.com\/wp-content\/uploads\/2025\/04\/Reduccion-mamaria-despues-1024x1024.jpg\" alt=\"\" \/><\/div><\/div><div class=\"gallery-item one-category category4\"><div class=\"twentytwenty-container\"><img decoding=\"async\" src=\"https:\/\/novoplasticsurgeons.com\/wp-content\/uploads\/2025\/04\/Reduccion-antes-1024x1024.jpg\" alt=\"\" \/><img decoding=\"async\" src=\"https:\/\/novoplasticsurgeons.com\/wp-content\/uploads\/2025\/04\/Reduccion-despues-1024x1024.jpg\" alt=\"\" \/><\/div><\/div><div class=\"gallery-item one-category category5\"><div class=\"twentytwenty-container\"><img decoding=\"async\" src=\"https:\/\/novoplasticsurgeons.com\/wp-content\/uploads\/2025\/09\/Mastopexia-B-2-1024x1024.png\" alt=\"\" \/><img decoding=\"async\" src=\"https:\/\/novoplasticsurgeons.com\/wp-content\/uploads\/2025\/09\/Mastopexia-A-2-1024x1024.png\" alt=\"\" \/><\/div><\/div><div class=\"gallery-item one-category category5\"><div class=\"twentytwenty-container\"><img decoding=\"async\" src=\"https:\/\/novoplasticsurgeons.com\/wp-content\/uploads\/2025\/04\/Reduccion-de-busto-antes-2-1024x1024.jpg\" alt=\"\" \/><img decoding=\"async\" src=\"https:\/\/novoplasticsurgeons.com\/wp-content\/uploads\/2025\/04\/Reduccion-de-busto-despues-2-1024x1024.jpg\" alt=\"\" \/><\/div><\/div><div class=\"gallery-item one-category category5\"><div class=\"twentytwenty-container\"><img decoding=\"async\" src=\"https:\/\/novoplasticsurgeons.com\/wp-content\/uploads\/2025\/04\/Mastopexia-despues-1024x1024.jpg\" alt=\"\" \/><img decoding=\"async\" src=\"https:\/\/novoplasticsurgeons.com\/wp-content\/uploads\/2025\/04\/Mastopexia-antes-1024x1024.jpg\" alt=\"\" \/><\/div><\/div><div class=\"gallery-item one-category category6\"><div class=\"twentytwenty-container\"><img decoding=\"async\" src=\"https:\/\/novoplasticsurgeons.com\/wp-content\/uploads\/2025\/04\/Liposuccion-de-cuello-antes-768x1024.jpg\" alt=\"\" \/><img decoding=\"async\" src=\"https:\/\/novoplasticsurgeons.com\/wp-content\/uploads\/2025\/04\/Liposuccion-de-cuello-despues-768x1024.jpg\" alt=\"\" \/><\/div><\/div><div class=\"gallery-item one-category category7\"><div class=\"twentytwenty-container\"><img decoding=\"async\" src=\"https:\/\/novoplasticsurgeons.com\/wp-content\/uploads\/2025\/04\/Blefaroplastia-antes-1024x1024.jpg\" alt=\"\" \/><img decoding=\"async\" src=\"https:\/\/novoplasticsurgeons.com\/wp-content\/uploads\/2025\/04\/Blefaroplastia-despues.jpg\" alt=\"\" \/><\/div><\/div><\/div><\/div><div class=\"clearfix\"><\/div><\/div><div  data-vc-full-width=\"true\" data-vc-full-width-init=\"false\" class=\"tt-shortcode_vc_row 8 section mt-8 vc_row-o-content-middle vc_row-flex\" ><div class=\"tt-shortcode_vc_clmn container\"><div class=\"banner-call\"><div class=\"row no-gutters center-jov vc_row-o-content-middle vc_row-flex\" ><div class=\"shortcode_vc_clmn_inner col-md-7 d-flex align-items-center\"><div class=\"rs_inner_block text-center w-100\"><p>Are you looking to transform your appearance with safety and confidence?<\/p>\n<p style=\"text-align: center\" class=\"vc_custom_heading\" >In our plastic surgery clinic, we offer advanced and personalized treatments, provided by a team committed to excellence and exceptional results.<\/p><p>\n<svg class=\"icon icon-telephone-1\" version=\"1.1\" xmlns=\"http:\/\/www.w3.org\/2000\/svg\" width=\"32\" height=\"32\" viewbox=\"0 0 32 32\"><path d=\"M23.467 19.2c-2.133 2.133-2.133 4.267-4.267 4.267s-4.267-2.133-6.4-4.267c-2.133-2.133-4.267-4.267-4.267-6.4s2.133-2.133 4.267-4.267-4.267-8.533-6.4-8.533-6.4 6.4-6.4 6.4c0 4.267 4.383 12.917 8.533 17.067s12.8 8.533 17.067 8.533c0 0 6.4-4.267 6.4-6.4s-6.4-8.533-8.533-6.4z\"><\/path><\/svg>+52 6631094861<\/p>\n<\/div><\/div><\/div><\/div><\/div><\/div><div class=\"vc_row-full-width vc_clearfix\"><\/div>\n<\/div>","protected":false},"excerpt":{"rendered":"AllAumento de bustoOtoplastiaAbdominoplastiaReducci\u00f3n de bustoMastopexia sin implantesLiposucci\u00f3n de cuelloBlefaroplastiaRitidoplastiaBraquioplastia \u00bfBuscas transformar tu apariencia con seguridad y confianza? En nuestra cl\u00ednica de cirug\u00eda pl\u00e1stica, ofrecemos tratamientos avanzados y personalizados, brindados por un equipo comprometido con la excelencia y resultados excepcionales.+52 6631094861","protected":false},"author":1,"featured_media":0,"parent":0,"menu_order":4,"comment_status":"closed","ping_status":"closed","template":"custompagett.php","meta":{"_coblocks_attr":"","_coblocks_dimensions":"","_coblocks_responsive_height":"","_coblocks_accordion_ie_support":"","_monsterinsights_skip_tracking":false,"_monsterinsights_sitenote_active":false,"_monsterinsights_sitenote_note":"","_monsterinsights_sitenote_category":0,"footnotes":""},"class_list":["post-406","page","type-page","status-publish","hentry"],"yoast_head":"<!-- This site is optimized with the Yoast SEO plugin v27.4 - https:\/\/yoast.com\/product\/yoast-seo-wordpress\/ -->\n<title>Galer\u00eda de resultados de pacientes - Novo Plastic<\/title>\n<meta name=\"robots\" content=\"index, follow, max-snippet:-1, max-image-preview:large, max-video-preview:-1\" \/>\n<link rel=\"canonical\" href=\"https:\/\/novoplasticsurgeons.com\/en\/before-after\/\" \/>\n<meta property=\"og:locale\" content=\"en_US\" \/>\n<meta property=\"og:type\" content=\"article\" \/>\n<meta property=\"og:title\" content=\"Galer\u00eda de resultados de pacientes - Novo Plastic\" \/>\n<meta property=\"og:url\" content=\"https:\/\/novoplasticsurgeons.com\/en\/before-after\/\" \/>\n<meta property=\"og:site_name\" content=\"Novo Plastic\" \/>\n<meta property=\"article:modified_time\" content=\"2026-02-20T16:52:31+00:00\" \/>\n<meta name=\"twitter:card\" content=\"summary_large_image\" \/>\n<meta name=\"twitter:label1\" content=\"Est. reading time\" \/>\n\t<meta name=\"twitter:data1\" content=\"6 minutes\" \/>\n<script type=\"application\/ld+json\" class=\"yoast-schema-graph\">{\"@context\":\"https:\\\/\\\/schema.org\",\"@graph\":[{\"@type\":\"WebPage\",\"@id\":\"https:\\\/\\\/novoplasticsurgeons.com\\\/before-after\\\/\",\"url\":\"https:\\\/\\\/novoplasticsurgeons.com\\\/before-after\\\/\",\"name\":\"Galer\u00eda de resultados de pacientes - Novo Plastic\",\"isPartOf\":{\"@id\":\"https:\\\/\\\/novoplasticsurgeons.com\\\/es\\\/#website\"},\"datePublished\":\"2024-06-04T16:44:47+00:00\",\"dateModified\":\"2026-02-20T16:52:31+00:00\",\"breadcrumb\":{\"@id\":\"https:\\\/\\\/novoplasticsurgeons.com\\\/before-after\\\/#breadcrumb\"},\"inLanguage\":\"en-US\",\"potentialAction\":[{\"@type\":\"ReadAction\",\"target\":[\"https:\\\/\\\/novoplasticsurgeons.com\\\/before-after\\\/\"]}]},{\"@type\":\"BreadcrumbList\",\"@id\":\"https:\\\/\\\/novoplasticsurgeons.com\\\/before-after\\\/#breadcrumb\",\"itemListElement\":[{\"@type\":\"ListItem\",\"position\":1,\"name\":\"Home\",\"item\":\"https:\\\/\\\/novoplasticsurgeons.com\\\/es\\\/\"},{\"@type\":\"ListItem\",\"position\":2,\"name\":\"Galer\u00eda de resultados de pacientes\"}]},{\"@type\":\"WebSite\",\"@id\":\"https:\\\/\\\/novoplasticsurgeons.com\\\/es\\\/#website\",\"url\":\"https:\\\/\\\/novoplasticsurgeons.com\\\/es\\\/\",\"name\":\"Novo Plastic\",\"description\":\"\",\"publisher\":{\"@id\":\"https:\\\/\\\/novoplasticsurgeons.com\\\/es\\\/#organization\"},\"potentialAction\":[{\"@type\":\"SearchAction\",\"target\":{\"@type\":\"EntryPoint\",\"urlTemplate\":\"https:\\\/\\\/novoplasticsurgeons.com\\\/es\\\/?s={search_term_string}\"},\"query-input\":{\"@type\":\"PropertyValueSpecification\",\"valueRequired\":true,\"valueName\":\"search_term_string\"}}],\"inLanguage\":\"en-US\"},{\"@type\":\"Organization\",\"@id\":\"https:\\\/\\\/novoplasticsurgeons.com\\\/es\\\/#organization\",\"name\":\"Novo Plastic\",\"url\":\"https:\\\/\\\/novoplasticsurgeons.com\\\/es\\\/\",\"logo\":{\"@type\":\"ImageObject\",\"inLanguage\":\"en-US\",\"@id\":\"https:\\\/\\\/novoplasticsurgeons.com\\\/es\\\/#\\\/schema\\\/logo\\\/image\\\/\",\"url\":\"https:\\\/\\\/novoplasticsurgeons.com\\\/wp-content\\\/uploads\\\/2024\\\/06\\\/cropped-IMG_9286.png\",\"contentUrl\":\"https:\\\/\\\/novoplasticsurgeons.com\\\/wp-content\\\/uploads\\\/2024\\\/06\\\/cropped-IMG_9286.png\",\"width\":6887,\"height\":2287,\"caption\":\"Novo Plastic\"},\"image\":{\"@id\":\"https:\\\/\\\/novoplasticsurgeons.com\\\/es\\\/#\\\/schema\\\/logo\\\/image\\\/\"}}]}<\/script>\n<!-- \/ Yoast SEO plugin. -->","yoast_head_json":{"title":"Galer\u00eda de resultados de pacientes - Novo Plastic","robots":{"index":"index","follow":"follow","max-snippet":"max-snippet:-1","max-image-preview":"max-image-preview:large","max-video-preview":"max-video-preview:-1"},"canonical":"https:\/\/novoplasticsurgeons.com\/en\/before-after\/","og_locale":"en_US","og_type":"article","og_title":"Galer\u00eda de resultados de pacientes - Novo Plastic","og_url":"https:\/\/novoplasticsurgeons.com\/en\/before-after\/","og_site_name":"Novo Plastic","article_modified_time":"2026-02-20T16:52:31+00:00","twitter_card":"summary_large_image","twitter_misc":{"Est. reading time":"6 minutes"},"schema":{"@context":"https:\/\/schema.org","@graph":[{"@type":"WebPage","@id":"https:\/\/novoplasticsurgeons.com\/before-after\/","url":"https:\/\/novoplasticsurgeons.com\/before-after\/","name":"Galer\u00eda de resultados de pacientes - Novo Plastic","isPartOf":{"@id":"https:\/\/novoplasticsurgeons.com\/es\/#website"},"datePublished":"2024-06-04T16:44:47+00:00","dateModified":"2026-02-20T16:52:31+00:00","breadcrumb":{"@id":"https:\/\/novoplasticsurgeons.com\/before-after\/#breadcrumb"},"inLanguage":"en-US","potentialAction":[{"@type":"ReadAction","target":["https:\/\/novoplasticsurgeons.com\/before-after\/"]}]},{"@type":"BreadcrumbList","@id":"https:\/\/novoplasticsurgeons.com\/before-after\/#breadcrumb","itemListElement":[{"@type":"ListItem","position":1,"name":"Home","item":"https:\/\/novoplasticsurgeons.com\/es\/"},{"@type":"ListItem","position":2,"name":"Galer\u00eda de resultados de pacientes"}]},{"@type":"WebSite","@id":"https:\/\/novoplasticsurgeons.com\/es\/#website","url":"https:\/\/novoplasticsurgeons.com\/es\/","name":"Novo Plastic","description":"","publisher":{"@id":"https:\/\/novoplasticsurgeons.com\/es\/#organization"},"potentialAction":[{"@type":"SearchAction","target":{"@type":"EntryPoint","urlTemplate":"https:\/\/novoplasticsurgeons.com\/es\/?s={search_term_string}"},"query-input":{"@type":"PropertyValueSpecification","valueRequired":true,"valueName":"search_term_string"}}],"inLanguage":"en-US"},{"@type":"Organization","@id":"https:\/\/novoplasticsurgeons.com\/es\/#organization","name":"Novo Plastic","url":"https:\/\/novoplasticsurgeons.com\/es\/","logo":{"@type":"ImageObject","inLanguage":"en-US","@id":"https:\/\/novoplasticsurgeons.com\/es\/#\/schema\/logo\/image\/","url":"https:\/\/novoplasticsurgeons.com\/wp-content\/uploads\/2024\/06\/cropped-IMG_9286.png","contentUrl":"https:\/\/novoplasticsurgeons.com\/wp-content\/uploads\/2024\/06\/cropped-IMG_9286.png","width":6887,"height":2287,"caption":"Novo Plastic"},"image":{"@id":"https:\/\/novoplasticsurgeons.com\/es\/#\/schema\/logo\/image\/"}}]}},"_links":{"self":[{"href":"https:\/\/novoplasticsurgeons.com\/en\/wp-json\/wp\/v2\/pages\/406","targetHints":{"allow":["GET"]}}],"collection":[{"href":"https:\/\/novoplasticsurgeons.com\/en\/wp-json\/wp\/v2\/pages"}],"about":[{"href":"https:\/\/novoplasticsurgeons.com\/en\/wp-json\/wp\/v2\/types\/page"}],"author":[{"embeddable":true,"href":"https:\/\/novoplasticsurgeons.com\/en\/wp-json\/wp\/v2\/users\/1"}],"replies":[{"embeddable":true,"href":"https:\/\/novoplasticsurgeons.com\/en\/wp-json\/wp\/v2\/comments?post=406"}],"version-history":[{"count":223,"href":"https:\/\/novoplasticsurgeons.com\/en\/wp-json\/wp\/v2\/pages\/406\/revisions"}],"predecessor-version":[{"id":2359,"href":"https:\/\/novoplasticsurgeons.com\/en\/wp-json\/wp\/v2\/pages\/406\/revisions\/2359"}],"wp:attachment":[{"href":"https:\/\/novoplasticsurgeons.com\/en\/wp-json\/wp\/v2\/media?parent=406"}],"curies":[{"name":"wp","href":"https:\/\/api.w.org\/{rel}","templated":true}]}}