{"id":402,"date":"2024-06-04T16:44:46","date_gmt":"2024-06-04T16:44:46","guid":{"rendered":"https:\/\/novoplasticsurgeons.com\/about\/"},"modified":"2025-10-20T16:38:07","modified_gmt":"2025-10-20T16:38:07","slug":"about","status":"publish","type":"page","link":"https:\/\/novoplasticsurgeons.com\/en\/about\/","title":{"rendered":"About us"},"content":{"rendered":"<div class=\"wpb-content-wrapper\"><div class=\"tt-shortcode_vc_row 8 container\" ><div class=\"row\" ><div class=\"shortcode_vc_clmn_inner col-lg-6 text-center text-lg-left pr-md-4\"><img loading=\"lazy\" decoding=\"async\" width=\"2048\" height=\"1156\" src=\"https:\/\/novoplasticsurgeons.com\/wp-content\/uploads\/2024\/09\/BANNER-NOSOTROS.jpg\" class=\"vc_single_image-img w-100 attachment-full\" alt=\"\" title=\"BANNER - NOSOTROS\" srcset=\"https:\/\/novoplasticsurgeons.com\/wp-content\/uploads\/2024\/09\/BANNER-NOSOTROS.jpg 2048w, https:\/\/novoplasticsurgeons.com\/wp-content\/uploads\/2024\/09\/BANNER-NOSOTROS-300x169.jpg 300w, https:\/\/novoplasticsurgeons.com\/wp-content\/uploads\/2024\/09\/BANNER-NOSOTROS-1814x1024.jpg 1814w, https:\/\/novoplasticsurgeons.com\/wp-content\/uploads\/2024\/09\/BANNER-NOSOTROS-768x434.jpg 768w, https:\/\/novoplasticsurgeons.com\/wp-content\/uploads\/2024\/09\/BANNER-NOSOTROS-1536x867.jpg 1536w, https:\/\/novoplasticsurgeons.com\/wp-content\/uploads\/2024\/09\/BANNER-NOSOTROS-18x10.jpg 18w, https:\/\/novoplasticsurgeons.com\/wp-content\/uploads\/2024\/09\/BANNER-NOSOTROS-600x339.jpg 600w\" sizes=\"auto, (max-width: 2048px) 100vw, 2048px\" \/><\/div><div class=\"shortcode_vc_clmn_inner col-lg-6 mt-3 mt-lg-0\"><div class=\"rs_inner_block ch_pr_45\"><div class=\"flex max-w-full flex-col flex-grow\">\n<div class=\"markdown prose w-full break-words dark:prose-invert\" style=\"text-align: justify;\">We specialize in aesthetic transformation through a combination of cutting-edge medical experience and a personalized approach for each patient. Our team of highly trained plastic surgeons are committed to offering outstanding results in procedures that range from facial, breast, and body aesthetic surgery. In a welcoming and professional environment, we strive to understand the unique goals of each\nindividual and offer safe and effective solutions to enhance natural beauty.\nWith a focus\non quality, safety and patient satisfaction, we are pleased to accompany you on the path toward\nrenewed confidence and a rejuvenated appearance.<\/div>\n<\/div>\n<\/div><\/div><\/div>\n\t<div class=\"wpb_text_column wpb_content_element\" >\n\t\t<div class=\"tt_shortcode_vc_column_text wpb_wrapper\">\n\t\t\t<p>Certifications<\/p>\n\n\t\t<\/div>\n\t<\/div>\n\n\t<div  class=\"wpb_single_image wpb_content_element vc_align_left\">\n\t\t\n\t\t<figure class=\"wpb_wrapper vc_figure\">\n\t\t\t<img loading=\"lazy\" decoding=\"async\" width=\"150\" height=\"150\" src=\"https:\/\/novoplasticsurgeons.com\/wp-content\/uploads\/2025\/01\/IMG_0001-150x150.png\" class=\"vc_single_image-img  attachment-thumbnail\" alt=\"\" title=\"IMG_0001\" srcset=\"https:\/\/novoplasticsurgeons.com\/wp-content\/uploads\/2025\/01\/IMG_0001-150x150.png 150w, https:\/\/novoplasticsurgeons.com\/wp-content\/uploads\/2025\/01\/IMG_0001-300x300.png 300w, https:\/\/novoplasticsurgeons.com\/wp-content\/uploads\/2025\/01\/IMG_0001-768x768.png 768w, https:\/\/novoplasticsurgeons.com\/wp-content\/uploads\/2025\/01\/IMG_0001-12x12.png 12w, https:\/\/novoplasticsurgeons.com\/wp-content\/uploads\/2025\/01\/IMG_0001-100x100.png 100w, https:\/\/novoplasticsurgeons.com\/wp-content\/uploads\/2025\/01\/IMG_0001-600x600.png 600w, https:\/\/novoplasticsurgeons.com\/wp-content\/uploads\/2025\/01\/IMG_0001.png 945w\" sizes=\"auto, (max-width: 150px) 100vw, 150px\" \/>\n\t\t<\/figure>\n\t<\/div>\n<div class=\"row\" ><div class=\"shortcode_vc_clmn_inner col-md\"><div class=\"doctor-info mb-4\">\n<div class=\"doctor-info-name\">\n<h3 class=\"doctor-info-name__title\">Dr. Rodrigo Otero<\/h3>\n<h6 style=\"margin-bottom: 12px;\">Plastic Surgeon<\/h6>\n<p><img loading=\"lazy\" decoding=\"async\" width=\"60\" height=\"60\" class=\"wp-image-831 doctor-photo\" style=\"width: 60px;\" src=\"https:\/\/novoplasticsurgeons.com\/wp-content\/uploads\/2024\/07\/istockphoto-1202135231-612x612-1-150x150.jpg\" alt=\"\" srcset=\"https:\/\/novoplasticsurgeons.com\/wp-content\/uploads\/2024\/07\/istockphoto-1202135231-612x612-1-150x150.jpg 150w, https:\/\/novoplasticsurgeons.com\/wp-content\/uploads\/2024\/07\/istockphoto-1202135231-612x612-1-300x300.jpg 300w, https:\/\/novoplasticsurgeons.com\/wp-content\/uploads\/2024\/07\/istockphoto-1202135231-612x612-1-100x100.jpg 100w, https:\/\/novoplasticsurgeons.com\/wp-content\/uploads\/2024\/07\/istockphoto-1202135231-612x612-1-600x600.jpg 600w, https:\/\/novoplasticsurgeons.com\/wp-content\/uploads\/2024\/07\/istockphoto-1202135231-612x612-1.jpg 612w\" sizes=\"auto, (max-width: 60px) 100vw, 60px\" \/><\/p>\n<\/div>\n<\/div>\n<div  class=\"tt-reset-tag-p vc_custom_1738363453862  doctor-page-photo text-center tt_pt_3\"><img decoding=\"async\" class=\"vc_single_image-img img-fluid\" src=\"https:\/\/novoplasticsurgeons.com\/wp-content\/uploads\/2024\/06\/IMG_8980-1-scaled-e1737738664835-800x800.jpg\" width=\"800\" height=\"800\" alt=\"IMG_8980\" title=\"IMG_8980\" loading=\"lazy\" \/><\/div><div class=\"doctor-info mb-4\">\n<div><\/div>\n<div><\/div>\n<div class=\"doctor-info-name\" style=\"text-align: center;\">\n<div class=\"doctor-info mb-4\">\n<div class=\"doctor-info-name\">Dr. Rodrigo Otero is a graduate of the University of Monterrey as a medical surgeon. He completed his training in general surgery at the Christus Muguerza High Specialty Hospital, in the city of Monterrey, Nuevo Le\u00f3n. Subsequently, he completed the subspecialty in plastic, aesthetic and reconstructive surgery at the \"Dr. Jos\u00e9 Guerrerosantos\" Jalisciense Institute of Reconstructive Surgery, in Guadalajara, Jalisco, Mexico; one of the most prestigious and\nrecognized institutions worldwide. Currently, he is an active member of the Mexican Association of Plastic, Aesthetic and Reconstructive Surgery (AMCPER), the International Society of Aesthetic\nPlastic Surgery (ISAPS) and is certified by the Mexican Council of Plastic, Aesthetic and\nReconstructive Surgery (CMCPER).<\/div>\n<\/div>\n<\/div>\n<\/div>\n<h2 style=\"text-align: left;font-family:Abril Fatface;font-weight:400;font-style:normal\" class=\"vc_custom_heading vc_custom_1726438554470\" ><\/h2><\/div><div class=\"shortcode_vc_clmn_inner col-md\"><div class=\"doctor-info mb-4\">\n<div class=\"doctor-info-name\">\n<h3 class=\"doctor-info-name__title\">Dr. Luis F. Monta\u00f1o<\/h3>\n<h6 style=\"margin-bottom: 12px;\">Plastic Surgeon<\/h6>\n<p><img loading=\"lazy\" decoding=\"async\" width=\"60\" height=\"60\" class=\"wp-image-833 doctor-photo\" style=\"width: 60px;\" src=\"https:\/\/novoplasticsurgeons.com\/wp-content\/uploads\/2024\/07\/images-150x150.jpeg\" alt=\"\" srcset=\"https:\/\/novoplasticsurgeons.com\/wp-content\/uploads\/2024\/07\/images-150x150.jpeg 150w, https:\/\/novoplasticsurgeons.com\/wp-content\/uploads\/2024\/07\/images-100x100.jpeg 100w, https:\/\/novoplasticsurgeons.com\/wp-content\/uploads\/2024\/07\/images.jpeg 225w\" sizes=\"auto, (max-width: 60px) 100vw, 60px\" \/><\/p>\n<\/div>\n<\/div>\n<div  class=\"tt-reset-tag-p vc_custom_1738363431290  doctor-page-photo text-center tt_pt_3\"><img decoding=\"async\" class=\"vc_single_image-img img-fluid\" src=\"https:\/\/novoplasticsurgeons.com\/wp-content\/uploads\/2025\/01\/doctort01-scaled-e1737737375236-800x800.jpg\" width=\"800\" height=\"800\" alt=\"doctort01\" title=\"doctort01\" loading=\"lazy\" \/><\/div><div class=\"doctor-info mb-4\">\n<div class=\"doctor-info-name\" style=\"text-align: center;\">Dr. Luis Francisco Monta\u00f1o a plastic, aesthetic and reconstructive surgeon graduated from the plastic surgery school of the \"Dr. Jos\u00e9 Guerrerosantos\" Jalisciense Institute of Reconstructive Surgery, obtaining his degree from the prestigious University of Guadalajara in Jalisco, Mexico. He is certified by the Mexican Council of Plastic, Aesthetic and Reconstructive\n(CMCPER). He completed his training in general surgery at the \"Dr. Luis E. Aybar de Santo Domingo\" Hospital, Dominican Republic, an Institution attached to the Autonomous University of Santo Domingo. He graduated with honors from the faculty of medicine of the Universidad Central del Este in the Dominican Republic.<\/div>\n<\/div>\n<h2 style=\"text-align: left;font-family:Abril Fatface;font-weight:400;font-style:normal\" class=\"vc_custom_heading vc_custom_1720031955773\" ><\/h2><\/div><\/div><div class=\"wpb_column vc_column_container vc_col-sm-12\"><div class=\"tt-shortcode_vc_clmn vc_column-inner\"><div class=\"wpb_wrapper\"><\/div><\/div><\/div><\/div><div class=\"tt-shortcode_vc_row 8 vc_row wpb_row vc_row-fluid\"><div class=\"wpb_column vc_column_container vc_col-sm-12 vc_col-has-fill\"><div class=\"tt-shortcode_vc_clmn vc_column-inner vc_custom_1740078620977\"><div class=\"wpb_wrapper\"><div class=\"wpb_gallery wpb_content_element vc_clearfix vc_custom_1740078527426 wpb_content_element\" ><div class=\"wpb_wrapper\"><div class=\"wpb_gallery_slides wpb_image_grid\" data-interval=\"3\"><ul class=\"wpb_image_grid_ul\"><li class=\"isotope-item\"><img loading=\"lazy\" decoding=\"async\" width=\"150\" height=\"150\" src=\"https:\/\/novoplasticsurgeons.com\/wp-content\/uploads\/2025\/01\/IMG_9998-1-150x150.png\" class=\"attachment-thumbnail\" alt=\"\" title=\"IMG_9998 (1)\" srcset=\"https:\/\/novoplasticsurgeons.com\/wp-content\/uploads\/2025\/01\/IMG_9998-1-150x150.png 150w, https:\/\/novoplasticsurgeons.com\/wp-content\/uploads\/2025\/01\/IMG_9998-1-300x300.png 300w, https:\/\/novoplasticsurgeons.com\/wp-content\/uploads\/2025\/01\/IMG_9998-1-768x768.png 768w, https:\/\/novoplasticsurgeons.com\/wp-content\/uploads\/2025\/01\/IMG_9998-1-12x12.png 12w, https:\/\/novoplasticsurgeons.com\/wp-content\/uploads\/2025\/01\/IMG_9998-1-100x100.png 100w, https:\/\/novoplasticsurgeons.com\/wp-content\/uploads\/2025\/01\/IMG_9998-1-600x600.png 600w, https:\/\/novoplasticsurgeons.com\/wp-content\/uploads\/2025\/01\/IMG_9998-1.png 945w\" sizes=\"auto, (max-width: 150px) 100vw, 150px\" \/><\/li><li class=\"isotope-item\"><img loading=\"lazy\" decoding=\"async\" width=\"150\" height=\"150\" src=\"https:\/\/novoplasticsurgeons.com\/wp-content\/uploads\/2025\/01\/IMG_9999-1-150x150.png\" class=\"attachment-thumbnail\" alt=\"\" title=\"IMG_9999\" srcset=\"https:\/\/novoplasticsurgeons.com\/wp-content\/uploads\/2025\/01\/IMG_9999-1-150x150.png 150w, https:\/\/novoplasticsurgeons.com\/wp-content\/uploads\/2025\/01\/IMG_9999-1-300x300.png 300w, https:\/\/novoplasticsurgeons.com\/wp-content\/uploads\/2025\/01\/IMG_9999-1-768x768.png 768w, https:\/\/novoplasticsurgeons.com\/wp-content\/uploads\/2025\/01\/IMG_9999-1-12x12.png 12w, https:\/\/novoplasticsurgeons.com\/wp-content\/uploads\/2025\/01\/IMG_9999-1-100x100.png 100w, https:\/\/novoplasticsurgeons.com\/wp-content\/uploads\/2025\/01\/IMG_9999-1-600x600.png 600w, https:\/\/novoplasticsurgeons.com\/wp-content\/uploads\/2025\/01\/IMG_9999-1.png 945w\" sizes=\"auto, (max-width: 150px) 100vw, 150px\" \/><\/li><li class=\"isotope-item\"><img loading=\"lazy\" decoding=\"async\" width=\"150\" height=\"150\" src=\"https:\/\/novoplasticsurgeons.com\/wp-content\/uploads\/2025\/01\/IMG_0003-150x150.png\" class=\"attachment-thumbnail\" alt=\"\" title=\"IMG_0003\" srcset=\"https:\/\/novoplasticsurgeons.com\/wp-content\/uploads\/2025\/01\/IMG_0003-150x150.png 150w, https:\/\/novoplasticsurgeons.com\/wp-content\/uploads\/2025\/01\/IMG_0003-300x300.png 300w, https:\/\/novoplasticsurgeons.com\/wp-content\/uploads\/2025\/01\/IMG_0003-768x768.png 768w, https:\/\/novoplasticsurgeons.com\/wp-content\/uploads\/2025\/01\/IMG_0003-12x12.png 12w, https:\/\/novoplasticsurgeons.com\/wp-content\/uploads\/2025\/01\/IMG_0003-100x100.png 100w, https:\/\/novoplasticsurgeons.com\/wp-content\/uploads\/2025\/01\/IMG_0003-600x600.png 600w, https:\/\/novoplasticsurgeons.com\/wp-content\/uploads\/2025\/01\/IMG_0003.png 945w\" sizes=\"auto, (max-width: 150px) 100vw, 150px\" \/><\/li><li class=\"isotope-item\"><img loading=\"lazy\" decoding=\"async\" width=\"150\" height=\"150\" src=\"https:\/\/novoplasticsurgeons.com\/wp-content\/uploads\/2025\/01\/IMG_0002-150x150.png\" class=\"attachment-thumbnail\" alt=\"\" title=\"IMG_0002\" srcset=\"https:\/\/novoplasticsurgeons.com\/wp-content\/uploads\/2025\/01\/IMG_0002-150x150.png 150w, https:\/\/novoplasticsurgeons.com\/wp-content\/uploads\/2025\/01\/IMG_0002-300x300.png 300w, https:\/\/novoplasticsurgeons.com\/wp-content\/uploads\/2025\/01\/IMG_0002-768x768.png 768w, https:\/\/novoplasticsurgeons.com\/wp-content\/uploads\/2025\/01\/IMG_0002-12x12.png 12w, https:\/\/novoplasticsurgeons.com\/wp-content\/uploads\/2025\/01\/IMG_0002-100x100.png 100w, https:\/\/novoplasticsurgeons.com\/wp-content\/uploads\/2025\/01\/IMG_0002-600x600.png 600w, https:\/\/novoplasticsurgeons.com\/wp-content\/uploads\/2025\/01\/IMG_0002.png 945w\" sizes=\"auto, (max-width: 150px) 100vw, 150px\" \/><\/li><li class=\"isotope-item\"><img loading=\"lazy\" decoding=\"async\" width=\"150\" height=\"150\" src=\"https:\/\/novoplasticsurgeons.com\/wp-content\/uploads\/2025\/01\/IMG_0001-150x150.png\" class=\"attachment-thumbnail\" alt=\"\" title=\"IMG_0001\" srcset=\"https:\/\/novoplasticsurgeons.com\/wp-content\/uploads\/2025\/01\/IMG_0001-150x150.png 150w, https:\/\/novoplasticsurgeons.com\/wp-content\/uploads\/2025\/01\/IMG_0001-300x300.png 300w, https:\/\/novoplasticsurgeons.com\/wp-content\/uploads\/2025\/01\/IMG_0001-768x768.png 768w, https:\/\/novoplasticsurgeons.com\/wp-content\/uploads\/2025\/01\/IMG_0001-12x12.png 12w, https:\/\/novoplasticsurgeons.com\/wp-content\/uploads\/2025\/01\/IMG_0001-100x100.png 100w, https:\/\/novoplasticsurgeons.com\/wp-content\/uploads\/2025\/01\/IMG_0001-600x600.png 600w, https:\/\/novoplasticsurgeons.com\/wp-content\/uploads\/2025\/01\/IMG_0001.png 945w\" sizes=\"auto, (max-width: 150px) 100vw, 150px\" \/><\/li><\/ul><\/div><\/div><\/div><\/div><\/div><\/div><\/div>\n<\/div>","protected":false},"excerpt":{"rendered":"Nos especializamos en la transformaci\u00f3n est\u00e9tica mediante una combinaci\u00f3n de experiencia m\u00e9dica de vanguardia y un enfoque personalizado para cada paciente. Nuestro equipo de cirujanos pl\u00e1sticos altamente capacitados est\u00e1n comprometidos a ofrecer resultados sobresalientes en procedimientos que van desde cirug\u00eda est\u00e9tica facial, de busto y corporal. En un entorno acogedor y profesional, nos esforzamos por <div class=\"btn-more-wrapper\"><a href=\"https:\/\/novoplasticsurgeons.com\/en\/about\/\" class=\"btn btn-sm btn-hover-fill\"><svg class=\"icon icon-right-arrow\" version=\"1.1\" xmlns=\"http:\/\/www.w3.org\/2000\/svg\" width=\"32\" height=\"32\" viewbox=\"0 0 32 32\"><path d=\"M21.548 5.088c-0.436-0.451-1.162-0.451-1.613 0-0.436 0.436-0.436 1.162 0 1.596l8.177 8.177h-26.984c-0.629 0.001-1.129 0.501-1.129 1.13s0.5 1.145 1.129 1.145h26.984l-8.177 8.162c-0.436 0.451-0.436 1.178 0 1.613 0.451 0.451 1.178 0.451 1.613 0l10.113-10.113c0.451-0.436 0.451-1.162 0-1.596l-10.113-10.114z\"><\/path><\/svg>Read More<span class=\"screen-reader-text\"> \"Sobre nosotros\"<\/span><svg class=\"icon icon-right-arrow\" version=\"1.1\" xmlns=\"http:\/\/www.w3.org\/2000\/svg\" width=\"32\" height=\"32\" viewbox=\"0 0 32 32\"><path d=\"M21.548 5.088c-0.436-0.451-1.162-0.451-1.613 0-0.436 0.436-0.436 1.162 0 1.596l8.177 8.177h-26.984c-0.629 0.001-1.129 0.501-1.129 1.13s0.5 1.145 1.129 1.145h26.984l-8.177 8.162c-0.436 0.451-0.436 1.178 0 1.613 0.451 0.451 1.178 0.451 1.613 0l10.113-10.113c0.451-0.436 0.451-1.162 0-1.596l-10.113-10.114z\"><\/path><\/svg><\/a><\/div>","protected":false},"author":1,"featured_media":0,"parent":0,"menu_order":0,"comment_status":"closed","ping_status":"closed","template":"custompagett.php","meta":{"_coblocks_attr":"","_coblocks_dimensions":"","_coblocks_responsive_height":"","_coblocks_accordion_ie_support":"","_monsterinsights_skip_tracking":false,"_monsterinsights_sitenote_active":false,"_monsterinsights_sitenote_note":"","_monsterinsights_sitenote_category":0,"footnotes":""},"class_list":["post-402","page","type-page","status-publish","hentry"],"yoast_head":"<!-- This site is optimized with the Yoast SEO plugin v27.4 - https:\/\/yoast.com\/product\/yoast-seo-wordpress\/ -->\n<title>Sobre nosotros - Novo Plastic<\/title>\n<meta name=\"robots\" content=\"index, follow, max-snippet:-1, max-image-preview:large, max-video-preview:-1\" \/>\n<link rel=\"canonical\" href=\"https:\/\/novoplasticsurgeons.com\/en\/about\/\" \/>\n<meta property=\"og:locale\" content=\"en_US\" \/>\n<meta property=\"og:type\" content=\"article\" \/>\n<meta property=\"og:title\" content=\"Sobre nosotros - Novo Plastic\" \/>\n<meta property=\"og:url\" content=\"https:\/\/novoplasticsurgeons.com\/en\/about\/\" \/>\n<meta property=\"og:site_name\" content=\"Novo Plastic\" \/>\n<meta property=\"article:modified_time\" content=\"2025-10-20T16:38:07+00:00\" \/>\n<meta property=\"og:image\" content=\"https:\/\/novoplasticsurgeons.com\/wp-content\/uploads\/2024\/07\/istockphoto-1202135231-612x612-1-150x150.jpg\" \/>\n<meta name=\"twitter:card\" content=\"summary_large_image\" \/>\n<meta name=\"twitter:label1\" content=\"Est. reading time\" \/>\n\t<meta name=\"twitter:data1\" content=\"5 minutes\" \/>\n<script type=\"application\/ld+json\" class=\"yoast-schema-graph\">{\"@context\":\"https:\\\/\\\/schema.org\",\"@graph\":[{\"@type\":\"WebPage\",\"@id\":\"https:\\\/\\\/novoplasticsurgeons.com\\\/en\\\/about\\\/\",\"url\":\"https:\\\/\\\/novoplasticsurgeons.com\\\/en\\\/about\\\/\",\"name\":\"Sobre nosotros - Novo Plastic\",\"isPartOf\":{\"@id\":\"https:\\\/\\\/novoplasticsurgeons.com\\\/es\\\/#website\"},\"primaryImageOfPage\":{\"@id\":\"https:\\\/\\\/novoplasticsurgeons.com\\\/en\\\/about\\\/#primaryimage\"},\"image\":{\"@id\":\"https:\\\/\\\/novoplasticsurgeons.com\\\/en\\\/about\\\/#primaryimage\"},\"thumbnailUrl\":\"https:\\\/\\\/novoplasticsurgeons.com\\\/wp-content\\\/uploads\\\/2024\\\/07\\\/istockphoto-1202135231-612x612-1-150x150.jpg\",\"datePublished\":\"2024-06-04T16:44:46+00:00\",\"dateModified\":\"2025-10-20T16:38:07+00:00\",\"breadcrumb\":{\"@id\":\"https:\\\/\\\/novoplasticsurgeons.com\\\/en\\\/about\\\/#breadcrumb\"},\"inLanguage\":\"en-US\",\"potentialAction\":[{\"@type\":\"ReadAction\",\"target\":[\"https:\\\/\\\/novoplasticsurgeons.com\\\/en\\\/about\\\/\"]}]},{\"@type\":\"ImageObject\",\"inLanguage\":\"en-US\",\"@id\":\"https:\\\/\\\/novoplasticsurgeons.com\\\/en\\\/about\\\/#primaryimage\",\"url\":\"https:\\\/\\\/novoplasticsurgeons.com\\\/wp-content\\\/uploads\\\/2024\\\/07\\\/istockphoto-1202135231-612x612-1-150x150.jpg\",\"contentUrl\":\"https:\\\/\\\/novoplasticsurgeons.com\\\/wp-content\\\/uploads\\\/2024\\\/07\\\/istockphoto-1202135231-612x612-1-150x150.jpg\"},{\"@type\":\"BreadcrumbList\",\"@id\":\"https:\\\/\\\/novoplasticsurgeons.com\\\/en\\\/about\\\/#breadcrumb\",\"itemListElement\":[{\"@type\":\"ListItem\",\"position\":1,\"name\":\"Home\",\"item\":\"https:\\\/\\\/novoplasticsurgeons.com\\\/es\\\/\"},{\"@type\":\"ListItem\",\"position\":2,\"name\":\"Sobre nosotros\"}]},{\"@type\":\"WebSite\",\"@id\":\"https:\\\/\\\/novoplasticsurgeons.com\\\/es\\\/#website\",\"url\":\"https:\\\/\\\/novoplasticsurgeons.com\\\/es\\\/\",\"name\":\"Novo Plastic\",\"description\":\"\",\"publisher\":{\"@id\":\"https:\\\/\\\/novoplasticsurgeons.com\\\/es\\\/#organization\"},\"potentialAction\":[{\"@type\":\"SearchAction\",\"target\":{\"@type\":\"EntryPoint\",\"urlTemplate\":\"https:\\\/\\\/novoplasticsurgeons.com\\\/es\\\/?s={search_term_string}\"},\"query-input\":{\"@type\":\"PropertyValueSpecification\",\"valueRequired\":true,\"valueName\":\"search_term_string\"}}],\"inLanguage\":\"en-US\"},{\"@type\":\"Organization\",\"@id\":\"https:\\\/\\\/novoplasticsurgeons.com\\\/es\\\/#organization\",\"name\":\"Novo Plastic\",\"url\":\"https:\\\/\\\/novoplasticsurgeons.com\\\/es\\\/\",\"logo\":{\"@type\":\"ImageObject\",\"inLanguage\":\"en-US\",\"@id\":\"https:\\\/\\\/novoplasticsurgeons.com\\\/es\\\/#\\\/schema\\\/logo\\\/image\\\/\",\"url\":\"https:\\\/\\\/novoplasticsurgeons.com\\\/wp-content\\\/uploads\\\/2024\\\/06\\\/cropped-IMG_9286.png\",\"contentUrl\":\"https:\\\/\\\/novoplasticsurgeons.com\\\/wp-content\\\/uploads\\\/2024\\\/06\\\/cropped-IMG_9286.png\",\"width\":6887,\"height\":2287,\"caption\":\"Novo Plastic\"},\"image\":{\"@id\":\"https:\\\/\\\/novoplasticsurgeons.com\\\/es\\\/#\\\/schema\\\/logo\\\/image\\\/\"}}]}<\/script>\n<!-- \/ Yoast SEO plugin. -->","yoast_head_json":{"title":"Sobre nosotros - Novo Plastic","robots":{"index":"index","follow":"follow","max-snippet":"max-snippet:-1","max-image-preview":"max-image-preview:large","max-video-preview":"max-video-preview:-1"},"canonical":"https:\/\/novoplasticsurgeons.com\/en\/about\/","og_locale":"en_US","og_type":"article","og_title":"Sobre nosotros - Novo Plastic","og_url":"https:\/\/novoplasticsurgeons.com\/en\/about\/","og_site_name":"Novo Plastic","article_modified_time":"2025-10-20T16:38:07+00:00","og_image":[{"url":"https:\/\/novoplasticsurgeons.com\/wp-content\/uploads\/2024\/07\/istockphoto-1202135231-612x612-1-150x150.jpg","type":"","width":"","height":""}],"twitter_card":"summary_large_image","twitter_misc":{"Est. reading time":"5 minutes"},"schema":{"@context":"https:\/\/schema.org","@graph":[{"@type":"WebPage","@id":"https:\/\/novoplasticsurgeons.com\/en\/about\/","url":"https:\/\/novoplasticsurgeons.com\/en\/about\/","name":"Sobre nosotros - Novo Plastic","isPartOf":{"@id":"https:\/\/novoplasticsurgeons.com\/es\/#website"},"primaryImageOfPage":{"@id":"https:\/\/novoplasticsurgeons.com\/en\/about\/#primaryimage"},"image":{"@id":"https:\/\/novoplasticsurgeons.com\/en\/about\/#primaryimage"},"thumbnailUrl":"https:\/\/novoplasticsurgeons.com\/wp-content\/uploads\/2024\/07\/istockphoto-1202135231-612x612-1-150x150.jpg","datePublished":"2024-06-04T16:44:46+00:00","dateModified":"2025-10-20T16:38:07+00:00","breadcrumb":{"@id":"https:\/\/novoplasticsurgeons.com\/en\/about\/#breadcrumb"},"inLanguage":"en-US","potentialAction":[{"@type":"ReadAction","target":["https:\/\/novoplasticsurgeons.com\/en\/about\/"]}]},{"@type":"ImageObject","inLanguage":"en-US","@id":"https:\/\/novoplasticsurgeons.com\/en\/about\/#primaryimage","url":"https:\/\/novoplasticsurgeons.com\/wp-content\/uploads\/2024\/07\/istockphoto-1202135231-612x612-1-150x150.jpg","contentUrl":"https:\/\/novoplasticsurgeons.com\/wp-content\/uploads\/2024\/07\/istockphoto-1202135231-612x612-1-150x150.jpg"},{"@type":"BreadcrumbList","@id":"https:\/\/novoplasticsurgeons.com\/en\/about\/#breadcrumb","itemListElement":[{"@type":"ListItem","position":1,"name":"Home","item":"https:\/\/novoplasticsurgeons.com\/es\/"},{"@type":"ListItem","position":2,"name":"Sobre nosotros"}]},{"@type":"WebSite","@id":"https:\/\/novoplasticsurgeons.com\/es\/#website","url":"https:\/\/novoplasticsurgeons.com\/es\/","name":"Novo Plastic","description":"","publisher":{"@id":"https:\/\/novoplasticsurgeons.com\/es\/#organization"},"potentialAction":[{"@type":"SearchAction","target":{"@type":"EntryPoint","urlTemplate":"https:\/\/novoplasticsurgeons.com\/es\/?s={search_term_string}"},"query-input":{"@type":"PropertyValueSpecification","valueRequired":true,"valueName":"search_term_string"}}],"inLanguage":"en-US"},{"@type":"Organization","@id":"https:\/\/novoplasticsurgeons.com\/es\/#organization","name":"Novo Plastic","url":"https:\/\/novoplasticsurgeons.com\/es\/","logo":{"@type":"ImageObject","inLanguage":"en-US","@id":"https:\/\/novoplasticsurgeons.com\/es\/#\/schema\/logo\/image\/","url":"https:\/\/novoplasticsurgeons.com\/wp-content\/uploads\/2024\/06\/cropped-IMG_9286.png","contentUrl":"https:\/\/novoplasticsurgeons.com\/wp-content\/uploads\/2024\/06\/cropped-IMG_9286.png","width":6887,"height":2287,"caption":"Novo Plastic"},"image":{"@id":"https:\/\/novoplasticsurgeons.com\/es\/#\/schema\/logo\/image\/"}}]}},"_links":{"self":[{"href":"https:\/\/novoplasticsurgeons.com\/en\/wp-json\/wp\/v2\/pages\/402","targetHints":{"allow":["GET"]}}],"collection":[{"href":"https:\/\/novoplasticsurgeons.com\/en\/wp-json\/wp\/v2\/pages"}],"about":[{"href":"https:\/\/novoplasticsurgeons.com\/en\/wp-json\/wp\/v2\/types\/page"}],"author":[{"embeddable":true,"href":"https:\/\/novoplasticsurgeons.com\/en\/wp-json\/wp\/v2\/users\/1"}],"replies":[{"embeddable":true,"href":"https:\/\/novoplasticsurgeons.com\/en\/wp-json\/wp\/v2\/comments?post=402"}],"version-history":[{"count":50,"href":"https:\/\/novoplasticsurgeons.com\/en\/wp-json\/wp\/v2\/pages\/402\/revisions"}],"predecessor-version":[{"id":1939,"href":"https:\/\/novoplasticsurgeons.com\/en\/wp-json\/wp\/v2\/pages\/402\/revisions\/1939"}],"wp:attachment":[{"href":"https:\/\/novoplasticsurgeons.com\/en\/wp-json\/wp\/v2\/media?parent=402"}],"curies":[{"name":"wp","href":"https:\/\/api.w.org\/{rel}","templated":true}]}}